{"id":4663,"date":"2024-01-21T14:32:39","date_gmt":"2024-01-21T10:32:39","guid":{"rendered":"https:\/\/www.richters.ge\/dziekujemy-za-kontakt-wkrotce-sie-z-toba-skontaktujemy\/"},"modified":"2025-02-03T00:59:15","modified_gmt":"2025-02-02T20:59:15","slug":"dziekujemy-za-kontakt-wkrotce-sie-z-toba-skontaktujemy","status":"publish","type":"page","link":"https:\/\/www.richters.ge\/pl\/dziekujemy-za-kontakt-wkrotce-sie-z-toba-skontaktujemy\/","title":{"rendered":"Dzi\u0119kujemy za kontakt! Wkr\u00f3tce si\u0119 z Tob\u0105 skontaktujemy."},"content":{"rendered":"<p><span style=\"color: #000000;\"><strong><span style=\"font-size: 18pt;\">Aby uzyska\u0107 szybsz\u0105 komunikacj\u0119, mo\u017cesz si\u0119 z nami skontaktowa\u0107:<\/span><\/strong><\/span><\/p>\n<p><span style=\"color: #000000;\"><strong><span style=\"font-size: 18pt;\">w Whatsapp <span style=\"color: #0000ff;\"><a style=\"color: #0000ff;\" href=\"tel:+995511111142\">+995511111142<\/a><\/span><\/span><\/strong><\/span><\/p>\n<p><span style=\"color: #000000;\"><strong><span style=\"font-size: 18pt;\">lub zadzwo\u0144 na <span style=\"color: #0000ff;\"><a style=\"color: #0000ff;\" href=\"tel:+995322500068\">+995322500068<\/a><\/span><\/span><\/strong><\/span><\/p>\n<p><span style=\"color: #000000;\"><strong><span style=\"font-size: 18pt;\">\u015aled\u017a nas na <span style=\"color: #0000ff;\"><a style=\"color: #0000ff;\" href=\"https:\/\/www.instagram.com\/richters_tbilisi\">Instagramie<\/a><\/span><\/span><\/strong><\/span><\/p>\n<p><span style=\"color: #000000;\"><strong><span style=\"font-size: 18pt;\">\u015aled\u017a nas na <span style=\"color: #0000ff;\"><a style=\"color: #0000ff;\" href=\"https:\/\/www.tiktok.com\/@richters.clinic?_t=8jDQJAhXBqM&amp;_r=1\">TikTok<\/a><\/span><\/span><\/strong><\/span><\/p>\n<p><span style=\"color: #000000;\"><strong><span style=\"font-size: 18pt;\">Polub nas na <span style=\"color: #0000ff;\"><a style=\"color: #0000ff;\" href=\"https:\/\/fb.com\/richtersclinic\">Facebooku<\/a><\/span><\/span><\/strong><\/span><\/p>\n","protected":false},"excerpt":{"rendered":"<p>Aby uzyska\u0107 szybsz\u0105 komunikacj\u0119, mo\u017cesz si\u0119 z nami skontaktowa\u0107: w Whatsapp +995511111142 lub zadzwo\u0144 na +995322500068 \u015aled\u017a nas na Instagramie \u015aled\u017a nas na TikTok Polub nas na Facebooku<\/p>\n","protected":false},"author":1,"featured_media":0,"parent":0,"menu_order":0,"comment_status":"closed","ping_status":"closed","template":"","meta":{"iawp_total_views":16,"footnotes":""},"class_list":["post-4663","page","type-page","status-publish","hentry","entry"],"acf":[],"yoast_head":"<!-- This site is optimized with the Yoast SEO plugin v27.5 - https:\/\/yoast.com\/product\/yoast-seo-wordpress\/ -->\n<title>Dzi\u0119kujemy za kontakt! Wkr\u00f3tce si\u0119 z Tob\u0105 skontaktujemy.<\/title>\n<meta name=\"description\" content=\"Dzi\u0119kujemy za kontakt! Wkr\u00f3tce si\u0119 z Tob\u0105 skontaktujemy, aby udzieli\u0107 odpowiedzi na Twoje pytania i pom\u00f3c w ka\u017cdej sprawie.\" \/>\n<meta name=\"robots\" content=\"index, follow, max-snippet:-1, max-image-preview:large, max-video-preview:-1\" \/>\n<link rel=\"canonical\" href=\"https:\/\/www.richters.ge\/pl\/dziekujemy-za-kontakt-wkrotce-sie-z-toba-skontaktujemy\/\" \/>\n<meta property=\"og:locale\" content=\"pl_PL\" \/>\n<meta property=\"og:type\" content=\"article\" \/>\n<meta property=\"og:title\" content=\"Dzi\u0119kujemy za kontakt! Wkr\u00f3tce si\u0119 z Tob\u0105 skontaktujemy.\" \/>\n<meta property=\"og:description\" content=\"Dzi\u0119kujemy za kontakt! Wkr\u00f3tce si\u0119 z Tob\u0105 skontaktujemy, aby udzieli\u0107 odpowiedzi na Twoje pytania i pom\u00f3c w ka\u017cdej sprawie.\" \/>\n<meta property=\"og:url\" content=\"https:\/\/www.richters.ge\/pl\/dziekujemy-za-kontakt-wkrotce-sie-z-toba-skontaktujemy\/\" \/>\n<meta property=\"og:site_name\" content=\"Richters Clinic\" \/>\n<meta property=\"article:modified_time\" content=\"2025-02-02T20:59:15+00:00\" \/>\n<meta name=\"twitter:card\" content=\"summary_large_image\" \/>\n<meta name=\"twitter:label1\" content=\"Szacowany czas czytania\" \/>\n\t<meta name=\"twitter:data1\" content=\"1 minuta\" \/>\n<script type=\"application\/ld+json\" class=\"yoast-schema-graph\">{\"@context\":\"https:\\\/\\\/schema.org\",\"@graph\":[{\"@type\":\"WebPage\",\"@id\":\"https:\\\/\\\/www.richters.ge\\\/pl\\\/dziekujemy-za-kontakt-wkrotce-sie-z-toba-skontaktujemy\\\/\",\"url\":\"https:\\\/\\\/www.richters.ge\\\/pl\\\/dziekujemy-za-kontakt-wkrotce-sie-z-toba-skontaktujemy\\\/\",\"name\":\"Dzi\u0119kujemy za kontakt! Wkr\u00f3tce si\u0119 z Tob\u0105 skontaktujemy.\",\"isPartOf\":{\"@id\":\"https:\\\/\\\/www.richters.ge\\\/pl\\\/#website\"},\"datePublished\":\"2024-01-21T10:32:39+00:00\",\"dateModified\":\"2025-02-02T20:59:15+00:00\",\"description\":\"Dzi\u0119kujemy za kontakt! Wkr\u00f3tce si\u0119 z Tob\u0105 skontaktujemy, aby udzieli\u0107 odpowiedzi na Twoje pytania i pom\u00f3c w ka\u017cdej sprawie.\",\"inLanguage\":\"pl-PL\",\"potentialAction\":[{\"@type\":\"ReadAction\",\"target\":[\"https:\\\/\\\/www.richters.ge\\\/pl\\\/dziekujemy-za-kontakt-wkrotce-sie-z-toba-skontaktujemy\\\/\"]}]},{\"@type\":\"WebSite\",\"@id\":\"https:\\\/\\\/www.richters.ge\\\/pl\\\/#website\",\"url\":\"https:\\\/\\\/www.richters.ge\\\/pl\\\/\",\"name\":\"Richters Clinic\",\"description\":\"Art of Aesthetics\",\"publisher\":{\"@id\":\"https:\\\/\\\/www.richters.ge\\\/pl\\\/#organization\"},\"potentialAction\":[{\"@type\":\"SearchAction\",\"target\":{\"@type\":\"EntryPoint\",\"urlTemplate\":\"https:\\\/\\\/www.richters.ge\\\/pl\\\/?s={search_term_string}\"},\"query-input\":{\"@type\":\"PropertyValueSpecification\",\"valueRequired\":true,\"valueName\":\"search_term_string\"}}],\"inLanguage\":\"pl-PL\"},{\"@type\":\"Organization\",\"@id\":\"https:\\\/\\\/www.richters.ge\\\/pl\\\/#organization\",\"name\":\"Richters Clinic\",\"url\":\"https:\\\/\\\/www.richters.ge\\\/pl\\\/\",\"logo\":{\"@type\":\"ImageObject\",\"inLanguage\":\"pl-PL\",\"@id\":\"https:\\\/\\\/www.richters.ge\\\/pl\\\/#\\\/schema\\\/logo\\\/image\\\/\",\"url\":\"https:\\\/\\\/www.richters.ge\\\/wp-content\\\/uploads\\\/2023\\\/04\\\/logo1-e1741170833588.png\",\"contentUrl\":\"https:\\\/\\\/www.richters.ge\\\/wp-content\\\/uploads\\\/2023\\\/04\\\/logo1-e1741170833588.png\",\"width\":2807,\"height\":753,\"caption\":\"Richters Clinic\"},\"image\":{\"@id\":\"https:\\\/\\\/www.richters.ge\\\/pl\\\/#\\\/schema\\\/logo\\\/image\\\/\"}}]}<\/script>\n<!-- \/ Yoast SEO plugin. -->","yoast_head_json":{"title":"Dzi\u0119kujemy za kontakt! Wkr\u00f3tce si\u0119 z Tob\u0105 skontaktujemy.","description":"Dzi\u0119kujemy za kontakt! Wkr\u00f3tce si\u0119 z Tob\u0105 skontaktujemy, aby udzieli\u0107 odpowiedzi na Twoje pytania i pom\u00f3c w ka\u017cdej sprawie.","robots":{"index":"index","follow":"follow","max-snippet":"max-snippet:-1","max-image-preview":"max-image-preview:large","max-video-preview":"max-video-preview:-1"},"canonical":"https:\/\/www.richters.ge\/pl\/dziekujemy-za-kontakt-wkrotce-sie-z-toba-skontaktujemy\/","og_locale":"pl_PL","og_type":"article","og_title":"Dzi\u0119kujemy za kontakt! Wkr\u00f3tce si\u0119 z Tob\u0105 skontaktujemy.","og_description":"Dzi\u0119kujemy za kontakt! Wkr\u00f3tce si\u0119 z Tob\u0105 skontaktujemy, aby udzieli\u0107 odpowiedzi na Twoje pytania i pom\u00f3c w ka\u017cdej sprawie.","og_url":"https:\/\/www.richters.ge\/pl\/dziekujemy-za-kontakt-wkrotce-sie-z-toba-skontaktujemy\/","og_site_name":"Richters Clinic","article_modified_time":"2025-02-02T20:59:15+00:00","twitter_card":"summary_large_image","twitter_misc":{"Szacowany czas czytania":"1 minuta"},"schema":{"@context":"https:\/\/schema.org","@graph":[{"@type":"WebPage","@id":"https:\/\/www.richters.ge\/pl\/dziekujemy-za-kontakt-wkrotce-sie-z-toba-skontaktujemy\/","url":"https:\/\/www.richters.ge\/pl\/dziekujemy-za-kontakt-wkrotce-sie-z-toba-skontaktujemy\/","name":"Dzi\u0119kujemy za kontakt! Wkr\u00f3tce si\u0119 z Tob\u0105 skontaktujemy.","isPartOf":{"@id":"https:\/\/www.richters.ge\/pl\/#website"},"datePublished":"2024-01-21T10:32:39+00:00","dateModified":"2025-02-02T20:59:15+00:00","description":"Dzi\u0119kujemy za kontakt! Wkr\u00f3tce si\u0119 z Tob\u0105 skontaktujemy, aby udzieli\u0107 odpowiedzi na Twoje pytania i pom\u00f3c w ka\u017cdej sprawie.","inLanguage":"pl-PL","potentialAction":[{"@type":"ReadAction","target":["https:\/\/www.richters.ge\/pl\/dziekujemy-za-kontakt-wkrotce-sie-z-toba-skontaktujemy\/"]}]},{"@type":"WebSite","@id":"https:\/\/www.richters.ge\/pl\/#website","url":"https:\/\/www.richters.ge\/pl\/","name":"Richters Clinic","description":"Art of Aesthetics","publisher":{"@id":"https:\/\/www.richters.ge\/pl\/#organization"},"potentialAction":[{"@type":"SearchAction","target":{"@type":"EntryPoint","urlTemplate":"https:\/\/www.richters.ge\/pl\/?s={search_term_string}"},"query-input":{"@type":"PropertyValueSpecification","valueRequired":true,"valueName":"search_term_string"}}],"inLanguage":"pl-PL"},{"@type":"Organization","@id":"https:\/\/www.richters.ge\/pl\/#organization","name":"Richters Clinic","url":"https:\/\/www.richters.ge\/pl\/","logo":{"@type":"ImageObject","inLanguage":"pl-PL","@id":"https:\/\/www.richters.ge\/pl\/#\/schema\/logo\/image\/","url":"https:\/\/www.richters.ge\/wp-content\/uploads\/2023\/04\/logo1-e1741170833588.png","contentUrl":"https:\/\/www.richters.ge\/wp-content\/uploads\/2023\/04\/logo1-e1741170833588.png","width":2807,"height":753,"caption":"Richters Clinic"},"image":{"@id":"https:\/\/www.richters.ge\/pl\/#\/schema\/logo\/image\/"}}]}},"_links":{"self":[{"href":"https:\/\/www.richters.ge\/pl\/wp-json\/wp\/v2\/pages\/4663","targetHints":{"allow":["GET"]}}],"collection":[{"href":"https:\/\/www.richters.ge\/pl\/wp-json\/wp\/v2\/pages"}],"about":[{"href":"https:\/\/www.richters.ge\/pl\/wp-json\/wp\/v2\/types\/page"}],"author":[{"embeddable":true,"href":"https:\/\/www.richters.ge\/pl\/wp-json\/wp\/v2\/users\/1"}],"replies":[{"embeddable":true,"href":"https:\/\/www.richters.ge\/pl\/wp-json\/wp\/v2\/comments?post=4663"}],"version-history":[{"count":0,"href":"https:\/\/www.richters.ge\/pl\/wp-json\/wp\/v2\/pages\/4663\/revisions"}],"wp:attachment":[{"href":"https:\/\/www.richters.ge\/pl\/wp-json\/wp\/v2\/media?parent=4663"}],"curies":[{"name":"wp","href":"https:\/\/api.w.org\/{rel}","templated":true}]}}