{"id":3941,"date":"2023-10-04T07:32:22","date_gmt":"2023-10-04T03:32:22","guid":{"rendered":"https:\/\/www.richters.ge\/nasze-uslugi\/"},"modified":"2023-10-04T07:32:22","modified_gmt":"2023-10-04T03:32:22","slug":"nasze-uslugi","status":"publish","type":"page","link":"https:\/\/www.richters.ge\/pl\/nasze-uslugi\/","title":{"rendered":"Nasze us\u0142ugi"},"content":{"rendered":"","protected":false},"excerpt":{"rendered":"","protected":false},"author":1,"featured_media":8804,"parent":0,"menu_order":0,"comment_status":"closed","ping_status":"closed","template":"page-templates\/our-services.php","meta":{"iawp_total_views":196,"footnotes":""},"class_list":["post-3941","page","type-page","status-publish","has-post-thumbnail","hentry","entry"],"acf":[],"yoast_head":"<!-- This site is optimized with the Yoast SEO plugin v27.4 - https:\/\/yoast.com\/product\/yoast-seo-wordpress\/ -->\n<title>Nasze us\u0142ugi | Stomatologia i kosmetologia w Tbilisi<\/title>\n<meta name=\"description\" content=\"Poznaj nasze us\u0142ugi - od implant\u00f3w dentystycznych i lic\u00f3wek po zabiegi piel\u0119gnacyjne! Wybierz \u017c\u0105dan\u0105 us\u0142ug\u0119 i zarezerwuj wizyt\u0119 ju\u017c teraz!\" \/>\n<meta name=\"robots\" content=\"index, follow, max-snippet:-1, max-image-preview:large, max-video-preview:-1\" \/>\n<link rel=\"canonical\" href=\"https:\/\/www.richters.ge\/pl\/nasze-uslugi\/\" \/>\n<meta property=\"og:locale\" content=\"pl_PL\" \/>\n<meta property=\"og:type\" content=\"article\" \/>\n<meta property=\"og:title\" content=\"Nasze us\u0142ugi | Stomatologia i kosmetologia w Tbilisi\" \/>\n<meta property=\"og:description\" content=\"Poznaj nasze us\u0142ugi - od implant\u00f3w dentystycznych i lic\u00f3wek po zabiegi piel\u0119gnacyjne! Wybierz \u017c\u0105dan\u0105 us\u0142ug\u0119 i zarezerwuj wizyt\u0119 ju\u017c teraz!\" \/>\n<meta property=\"og:url\" content=\"https:\/\/www.richters.ge\/pl\/nasze-uslugi\/\" \/>\n<meta property=\"og:site_name\" content=\"Richters Clinic\" \/>\n<meta property=\"og:image\" content=\"https:\/\/www.richters.ge\/wp-content\/uploads\/2023\/11\/39-3-e1712052078970.jpg\" \/>\n\t<meta property=\"og:image:width\" content=\"1440\" \/>\n\t<meta property=\"og:image:height\" content=\"400\" \/>\n\t<meta property=\"og:image:type\" content=\"image\/jpeg\" \/>\n<meta name=\"twitter:card\" content=\"summary_large_image\" \/>\n<script type=\"application\/ld+json\" class=\"yoast-schema-graph\">{\"@context\":\"https:\\\/\\\/schema.org\",\"@graph\":[{\"@type\":\"WebPage\",\"@id\":\"https:\\\/\\\/www.richters.ge\\\/pl\\\/nasze-uslugi\\\/\",\"url\":\"https:\\\/\\\/www.richters.ge\\\/pl\\\/nasze-uslugi\\\/\",\"name\":\"Nasze us\u0142ugi | Stomatologia i kosmetologia w Tbilisi\",\"isPartOf\":{\"@id\":\"https:\\\/\\\/www.richters.ge\\\/pl\\\/#website\"},\"primaryImageOfPage\":{\"@id\":\"https:\\\/\\\/www.richters.ge\\\/pl\\\/nasze-uslugi\\\/#primaryimage\"},\"image\":{\"@id\":\"https:\\\/\\\/www.richters.ge\\\/pl\\\/nasze-uslugi\\\/#primaryimage\"},\"thumbnailUrl\":\"https:\\\/\\\/www.richters.ge\\\/wp-content\\\/uploads\\\/2025\\\/03\\\/39-3-e1712052078970-ezgif.com-jpg-to-webp-converter.webp\",\"datePublished\":\"2023-10-04T03:32:22+00:00\",\"description\":\"Poznaj nasze us\u0142ugi - od implant\u00f3w dentystycznych i lic\u00f3wek po zabiegi piel\u0119gnacyjne! Wybierz \u017c\u0105dan\u0105 us\u0142ug\u0119 i zarezerwuj wizyt\u0119 ju\u017c teraz!\",\"inLanguage\":\"pl-PL\",\"potentialAction\":[{\"@type\":\"ReadAction\",\"target\":[\"https:\\\/\\\/www.richters.ge\\\/pl\\\/nasze-uslugi\\\/\"]}]},{\"@type\":\"ImageObject\",\"inLanguage\":\"pl-PL\",\"@id\":\"https:\\\/\\\/www.richters.ge\\\/pl\\\/nasze-uslugi\\\/#primaryimage\",\"url\":\"https:\\\/\\\/www.richters.ge\\\/wp-content\\\/uploads\\\/2025\\\/03\\\/39-3-e1712052078970-ezgif.com-jpg-to-webp-converter.webp\",\"contentUrl\":\"https:\\\/\\\/www.richters.ge\\\/wp-content\\\/uploads\\\/2025\\\/03\\\/39-3-e1712052078970-ezgif.com-jpg-to-webp-converter.webp\",\"width\":1440,\"height\":240,\"caption\":\"man walking in dental clinic with background of pictures\"},{\"@type\":\"WebSite\",\"@id\":\"https:\\\/\\\/www.richters.ge\\\/pl\\\/#website\",\"url\":\"https:\\\/\\\/www.richters.ge\\\/pl\\\/\",\"name\":\"Richters Clinic\",\"description\":\"Art of Aesthetics\",\"publisher\":{\"@id\":\"https:\\\/\\\/www.richters.ge\\\/pl\\\/#organization\"},\"potentialAction\":[{\"@type\":\"SearchAction\",\"target\":{\"@type\":\"EntryPoint\",\"urlTemplate\":\"https:\\\/\\\/www.richters.ge\\\/pl\\\/?s={search_term_string}\"},\"query-input\":{\"@type\":\"PropertyValueSpecification\",\"valueRequired\":true,\"valueName\":\"search_term_string\"}}],\"inLanguage\":\"pl-PL\"},{\"@type\":\"Organization\",\"@id\":\"https:\\\/\\\/www.richters.ge\\\/pl\\\/#organization\",\"name\":\"Richters Clinic\",\"url\":\"https:\\\/\\\/www.richters.ge\\\/pl\\\/\",\"logo\":{\"@type\":\"ImageObject\",\"inLanguage\":\"pl-PL\",\"@id\":\"https:\\\/\\\/www.richters.ge\\\/pl\\\/#\\\/schema\\\/logo\\\/image\\\/\",\"url\":\"https:\\\/\\\/www.richters.ge\\\/wp-content\\\/uploads\\\/2023\\\/04\\\/logo1-e1741170833588.png\",\"contentUrl\":\"https:\\\/\\\/www.richters.ge\\\/wp-content\\\/uploads\\\/2023\\\/04\\\/logo1-e1741170833588.png\",\"width\":2807,\"height\":753,\"caption\":\"Richters Clinic\"},\"image\":{\"@id\":\"https:\\\/\\\/www.richters.ge\\\/pl\\\/#\\\/schema\\\/logo\\\/image\\\/\"}}]}<\/script>\n<!-- \/ Yoast SEO plugin. -->","yoast_head_json":{"title":"Nasze us\u0142ugi | Stomatologia i kosmetologia w Tbilisi","description":"Poznaj nasze us\u0142ugi - od implant\u00f3w dentystycznych i lic\u00f3wek po zabiegi piel\u0119gnacyjne! Wybierz \u017c\u0105dan\u0105 us\u0142ug\u0119 i zarezerwuj wizyt\u0119 ju\u017c teraz!","robots":{"index":"index","follow":"follow","max-snippet":"max-snippet:-1","max-image-preview":"max-image-preview:large","max-video-preview":"max-video-preview:-1"},"canonical":"https:\/\/www.richters.ge\/pl\/nasze-uslugi\/","og_locale":"pl_PL","og_type":"article","og_title":"Nasze us\u0142ugi | Stomatologia i kosmetologia w Tbilisi","og_description":"Poznaj nasze us\u0142ugi - od implant\u00f3w dentystycznych i lic\u00f3wek po zabiegi piel\u0119gnacyjne! Wybierz \u017c\u0105dan\u0105 us\u0142ug\u0119 i zarezerwuj wizyt\u0119 ju\u017c teraz!","og_url":"https:\/\/www.richters.ge\/pl\/nasze-uslugi\/","og_site_name":"Richters Clinic","og_image":[{"width":1440,"height":400,"url":"https:\/\/www.richters.ge\/wp-content\/uploads\/2023\/11\/39-3-e1712052078970.jpg","type":"image\/jpeg"}],"twitter_card":"summary_large_image","schema":{"@context":"https:\/\/schema.org","@graph":[{"@type":"WebPage","@id":"https:\/\/www.richters.ge\/pl\/nasze-uslugi\/","url":"https:\/\/www.richters.ge\/pl\/nasze-uslugi\/","name":"Nasze us\u0142ugi | Stomatologia i kosmetologia w Tbilisi","isPartOf":{"@id":"https:\/\/www.richters.ge\/pl\/#website"},"primaryImageOfPage":{"@id":"https:\/\/www.richters.ge\/pl\/nasze-uslugi\/#primaryimage"},"image":{"@id":"https:\/\/www.richters.ge\/pl\/nasze-uslugi\/#primaryimage"},"thumbnailUrl":"https:\/\/www.richters.ge\/wp-content\/uploads\/2025\/03\/39-3-e1712052078970-ezgif.com-jpg-to-webp-converter.webp","datePublished":"2023-10-04T03:32:22+00:00","description":"Poznaj nasze us\u0142ugi - od implant\u00f3w dentystycznych i lic\u00f3wek po zabiegi piel\u0119gnacyjne! Wybierz \u017c\u0105dan\u0105 us\u0142ug\u0119 i zarezerwuj wizyt\u0119 ju\u017c teraz!","inLanguage":"pl-PL","potentialAction":[{"@type":"ReadAction","target":["https:\/\/www.richters.ge\/pl\/nasze-uslugi\/"]}]},{"@type":"ImageObject","inLanguage":"pl-PL","@id":"https:\/\/www.richters.ge\/pl\/nasze-uslugi\/#primaryimage","url":"https:\/\/www.richters.ge\/wp-content\/uploads\/2025\/03\/39-3-e1712052078970-ezgif.com-jpg-to-webp-converter.webp","contentUrl":"https:\/\/www.richters.ge\/wp-content\/uploads\/2025\/03\/39-3-e1712052078970-ezgif.com-jpg-to-webp-converter.webp","width":1440,"height":240,"caption":"man walking in dental clinic with background of pictures"},{"@type":"WebSite","@id":"https:\/\/www.richters.ge\/pl\/#website","url":"https:\/\/www.richters.ge\/pl\/","name":"Richters Clinic","description":"Art of Aesthetics","publisher":{"@id":"https:\/\/www.richters.ge\/pl\/#organization"},"potentialAction":[{"@type":"SearchAction","target":{"@type":"EntryPoint","urlTemplate":"https:\/\/www.richters.ge\/pl\/?s={search_term_string}"},"query-input":{"@type":"PropertyValueSpecification","valueRequired":true,"valueName":"search_term_string"}}],"inLanguage":"pl-PL"},{"@type":"Organization","@id":"https:\/\/www.richters.ge\/pl\/#organization","name":"Richters Clinic","url":"https:\/\/www.richters.ge\/pl\/","logo":{"@type":"ImageObject","inLanguage":"pl-PL","@id":"https:\/\/www.richters.ge\/pl\/#\/schema\/logo\/image\/","url":"https:\/\/www.richters.ge\/wp-content\/uploads\/2023\/04\/logo1-e1741170833588.png","contentUrl":"https:\/\/www.richters.ge\/wp-content\/uploads\/2023\/04\/logo1-e1741170833588.png","width":2807,"height":753,"caption":"Richters Clinic"},"image":{"@id":"https:\/\/www.richters.ge\/pl\/#\/schema\/logo\/image\/"}}]}},"_links":{"self":[{"href":"https:\/\/www.richters.ge\/pl\/wp-json\/wp\/v2\/pages\/3941","targetHints":{"allow":["GET"]}}],"collection":[{"href":"https:\/\/www.richters.ge\/pl\/wp-json\/wp\/v2\/pages"}],"about":[{"href":"https:\/\/www.richters.ge\/pl\/wp-json\/wp\/v2\/types\/page"}],"author":[{"embeddable":true,"href":"https:\/\/www.richters.ge\/pl\/wp-json\/wp\/v2\/users\/1"}],"replies":[{"embeddable":true,"href":"https:\/\/www.richters.ge\/pl\/wp-json\/wp\/v2\/comments?post=3941"}],"version-history":[{"count":0,"href":"https:\/\/www.richters.ge\/pl\/wp-json\/wp\/v2\/pages\/3941\/revisions"}],"wp:featuredmedia":[{"embeddable":true,"href":"https:\/\/www.richters.ge\/pl\/wp-json\/wp\/v2\/media\/8804"}],"wp:attachment":[{"href":"https:\/\/www.richters.ge\/pl\/wp-json\/wp\/v2\/media?parent=3941"}],"curies":[{"name":"wp","href":"https:\/\/api.w.org\/{rel}","templated":true}]}}