{"id":3547,"date":"2023-04-04T10:43:13","date_gmt":"2023-04-04T06:43:13","guid":{"rendered":"https:\/\/www.richters.ge\/turystyka-stomatologiczna\/"},"modified":"2023-04-04T10:43:13","modified_gmt":"2023-04-04T06:43:13","slug":"turystyka-stomatologiczna","status":"publish","type":"page","link":"https:\/\/www.richters.ge\/pl\/turystyka-stomatologiczna\/","title":{"rendered":"Turystyka stomatologiczna"},"content":{"rendered":"","protected":false},"excerpt":{"rendered":"","protected":false},"author":1,"featured_media":4748,"parent":0,"menu_order":0,"comment_status":"closed","ping_status":"closed","template":"page-templates\/medical-tourism.php","meta":{"iawp_total_views":907,"footnotes":""},"class_list":["post-3547","page","type-page","status-publish","has-post-thumbnail","hentry","entry"],"acf":[],"yoast_head":"<!-- This site is optimized with the Yoast SEO plugin v27.5 - https:\/\/yoast.com\/product\/yoast-seo-wordpress\/ -->\n<title>Turystyka stomatologiczna | Pakiet turystyki stomatologicznej | Turystyka stomatologiczna Gruzja<\/title>\n<meta name=\"description\" content=\"Tury\u015bci poszukuj\u0105cy lic\u00f3wek i implant\u00f3w dentystycznych wybieraj\u0105 Gruzj\u0119! Odkryj nasz Dental Tourist Package dla bezproblemowego monta\u017cu implant\u00f3w i lic\u00f3wek!\" \/>\n<meta name=\"robots\" content=\"index, follow, max-snippet:-1, max-image-preview:large, max-video-preview:-1\" \/>\n<link rel=\"canonical\" href=\"https:\/\/www.richters.ge\/pl\/turystyka-stomatologiczna\/\" \/>\n<meta property=\"og:locale\" content=\"pl_PL\" \/>\n<meta property=\"og:type\" content=\"article\" \/>\n<meta property=\"og:title\" content=\"Turystyka stomatologiczna | Pakiet turystyki stomatologicznej | Turystyka stomatologiczna Gruzja\" \/>\n<meta property=\"og:description\" content=\"Tury\u015bci poszukuj\u0105cy lic\u00f3wek i implant\u00f3w dentystycznych wybieraj\u0105 Gruzj\u0119! Odkryj nasz Dental Tourist Package dla bezproblemowego monta\u017cu implant\u00f3w i lic\u00f3wek!\" \/>\n<meta property=\"og:url\" content=\"https:\/\/www.richters.ge\/pl\/turystyka-stomatologiczna\/\" \/>\n<meta property=\"og:site_name\" content=\"Richters Clinic\" \/>\n<meta property=\"og:image\" content=\"https:\/\/www.richters.ge\/wp-content\/uploads\/2024\/04\/Screenshot-2024-04-02-at-2.18.10\u202fPM-min.png\" \/>\n\t<meta property=\"og:image:width\" content=\"1280\" \/>\n\t<meta property=\"og:image:height\" content=\"266\" \/>\n\t<meta property=\"og:image:type\" content=\"image\/png\" \/>\n<meta name=\"twitter:card\" content=\"summary_large_image\" \/>\n<script type=\"application\/ld+json\" class=\"yoast-schema-graph\">{\"@context\":\"https:\\\/\\\/schema.org\",\"@graph\":[{\"@type\":\"WebPage\",\"@id\":\"https:\\\/\\\/www.richters.ge\\\/pl\\\/turystyka-stomatologiczna\\\/\",\"url\":\"https:\\\/\\\/www.richters.ge\\\/pl\\\/turystyka-stomatologiczna\\\/\",\"name\":\"Turystyka stomatologiczna | Pakiet turystyki stomatologicznej | Turystyka stomatologiczna Gruzja\",\"isPartOf\":{\"@id\":\"https:\\\/\\\/www.richters.ge\\\/pl\\\/#website\"},\"primaryImageOfPage\":{\"@id\":\"https:\\\/\\\/www.richters.ge\\\/pl\\\/turystyka-stomatologiczna\\\/#primaryimage\"},\"image\":{\"@id\":\"https:\\\/\\\/www.richters.ge\\\/pl\\\/turystyka-stomatologiczna\\\/#primaryimage\"},\"thumbnailUrl\":\"https:\\\/\\\/www.richters.ge\\\/wp-content\\\/uploads\\\/2024\\\/04\\\/Screenshot-2024-04-02-at-2.18.10\u202fPM-min.png\",\"datePublished\":\"2023-04-04T06:43:13+00:00\",\"description\":\"Tury\u015bci poszukuj\u0105cy lic\u00f3wek i implant\u00f3w dentystycznych wybieraj\u0105 Gruzj\u0119! Odkryj nasz Dental Tourist Package dla bezproblemowego monta\u017cu implant\u00f3w i lic\u00f3wek!\",\"inLanguage\":\"pl-PL\",\"potentialAction\":[{\"@type\":\"ReadAction\",\"target\":[\"https:\\\/\\\/www.richters.ge\\\/pl\\\/turystyka-stomatologiczna\\\/\"]}]},{\"@type\":\"ImageObject\",\"inLanguage\":\"pl-PL\",\"@id\":\"https:\\\/\\\/www.richters.ge\\\/pl\\\/turystyka-stomatologiczna\\\/#primaryimage\",\"url\":\"https:\\\/\\\/www.richters.ge\\\/wp-content\\\/uploads\\\/2024\\\/04\\\/Screenshot-2024-04-02-at-2.18.10\u202fPM-min.png\",\"contentUrl\":\"https:\\\/\\\/www.richters.ge\\\/wp-content\\\/uploads\\\/2024\\\/04\\\/Screenshot-2024-04-02-at-2.18.10\u202fPM-min.png\",\"width\":1280,\"height\":266},{\"@type\":\"WebSite\",\"@id\":\"https:\\\/\\\/www.richters.ge\\\/pl\\\/#website\",\"url\":\"https:\\\/\\\/www.richters.ge\\\/pl\\\/\",\"name\":\"Richters Clinic\",\"description\":\"Art of Aesthetics\",\"publisher\":{\"@id\":\"https:\\\/\\\/www.richters.ge\\\/pl\\\/#organization\"},\"potentialAction\":[{\"@type\":\"SearchAction\",\"target\":{\"@type\":\"EntryPoint\",\"urlTemplate\":\"https:\\\/\\\/www.richters.ge\\\/pl\\\/?s={search_term_string}\"},\"query-input\":{\"@type\":\"PropertyValueSpecification\",\"valueRequired\":true,\"valueName\":\"search_term_string\"}}],\"inLanguage\":\"pl-PL\"},{\"@type\":\"Organization\",\"@id\":\"https:\\\/\\\/www.richters.ge\\\/pl\\\/#organization\",\"name\":\"Richters Clinic\",\"url\":\"https:\\\/\\\/www.richters.ge\\\/pl\\\/\",\"logo\":{\"@type\":\"ImageObject\",\"inLanguage\":\"pl-PL\",\"@id\":\"https:\\\/\\\/www.richters.ge\\\/pl\\\/#\\\/schema\\\/logo\\\/image\\\/\",\"url\":\"https:\\\/\\\/www.richters.ge\\\/wp-content\\\/uploads\\\/2023\\\/04\\\/logo1-e1741170833588.png\",\"contentUrl\":\"https:\\\/\\\/www.richters.ge\\\/wp-content\\\/uploads\\\/2023\\\/04\\\/logo1-e1741170833588.png\",\"width\":2807,\"height\":753,\"caption\":\"Richters Clinic\"},\"image\":{\"@id\":\"https:\\\/\\\/www.richters.ge\\\/pl\\\/#\\\/schema\\\/logo\\\/image\\\/\"}}]}<\/script>\n<!-- \/ Yoast SEO plugin. -->","yoast_head_json":{"title":"Turystyka stomatologiczna | Pakiet turystyki stomatologicznej | Turystyka stomatologiczna Gruzja","description":"Tury\u015bci poszukuj\u0105cy lic\u00f3wek i implant\u00f3w dentystycznych wybieraj\u0105 Gruzj\u0119! Odkryj nasz Dental Tourist Package dla bezproblemowego monta\u017cu implant\u00f3w i lic\u00f3wek!","robots":{"index":"index","follow":"follow","max-snippet":"max-snippet:-1","max-image-preview":"max-image-preview:large","max-video-preview":"max-video-preview:-1"},"canonical":"https:\/\/www.richters.ge\/pl\/turystyka-stomatologiczna\/","og_locale":"pl_PL","og_type":"article","og_title":"Turystyka stomatologiczna | Pakiet turystyki stomatologicznej | Turystyka stomatologiczna Gruzja","og_description":"Tury\u015bci poszukuj\u0105cy lic\u00f3wek i implant\u00f3w dentystycznych wybieraj\u0105 Gruzj\u0119! Odkryj nasz Dental Tourist Package dla bezproblemowego monta\u017cu implant\u00f3w i lic\u00f3wek!","og_url":"https:\/\/www.richters.ge\/pl\/turystyka-stomatologiczna\/","og_site_name":"Richters Clinic","og_image":[{"width":1280,"height":266,"url":"https:\/\/www.richters.ge\/wp-content\/uploads\/2024\/04\/Screenshot-2024-04-02-at-2.18.10\u202fPM-min.png","type":"image\/png"}],"twitter_card":"summary_large_image","schema":{"@context":"https:\/\/schema.org","@graph":[{"@type":"WebPage","@id":"https:\/\/www.richters.ge\/pl\/turystyka-stomatologiczna\/","url":"https:\/\/www.richters.ge\/pl\/turystyka-stomatologiczna\/","name":"Turystyka stomatologiczna | Pakiet turystyki stomatologicznej | Turystyka stomatologiczna Gruzja","isPartOf":{"@id":"https:\/\/www.richters.ge\/pl\/#website"},"primaryImageOfPage":{"@id":"https:\/\/www.richters.ge\/pl\/turystyka-stomatologiczna\/#primaryimage"},"image":{"@id":"https:\/\/www.richters.ge\/pl\/turystyka-stomatologiczna\/#primaryimage"},"thumbnailUrl":"https:\/\/www.richters.ge\/wp-content\/uploads\/2024\/04\/Screenshot-2024-04-02-at-2.18.10\u202fPM-min.png","datePublished":"2023-04-04T06:43:13+00:00","description":"Tury\u015bci poszukuj\u0105cy lic\u00f3wek i implant\u00f3w dentystycznych wybieraj\u0105 Gruzj\u0119! Odkryj nasz Dental Tourist Package dla bezproblemowego monta\u017cu implant\u00f3w i lic\u00f3wek!","inLanguage":"pl-PL","potentialAction":[{"@type":"ReadAction","target":["https:\/\/www.richters.ge\/pl\/turystyka-stomatologiczna\/"]}]},{"@type":"ImageObject","inLanguage":"pl-PL","@id":"https:\/\/www.richters.ge\/pl\/turystyka-stomatologiczna\/#primaryimage","url":"https:\/\/www.richters.ge\/wp-content\/uploads\/2024\/04\/Screenshot-2024-04-02-at-2.18.10\u202fPM-min.png","contentUrl":"https:\/\/www.richters.ge\/wp-content\/uploads\/2024\/04\/Screenshot-2024-04-02-at-2.18.10\u202fPM-min.png","width":1280,"height":266},{"@type":"WebSite","@id":"https:\/\/www.richters.ge\/pl\/#website","url":"https:\/\/www.richters.ge\/pl\/","name":"Richters Clinic","description":"Art of Aesthetics","publisher":{"@id":"https:\/\/www.richters.ge\/pl\/#organization"},"potentialAction":[{"@type":"SearchAction","target":{"@type":"EntryPoint","urlTemplate":"https:\/\/www.richters.ge\/pl\/?s={search_term_string}"},"query-input":{"@type":"PropertyValueSpecification","valueRequired":true,"valueName":"search_term_string"}}],"inLanguage":"pl-PL"},{"@type":"Organization","@id":"https:\/\/www.richters.ge\/pl\/#organization","name":"Richters Clinic","url":"https:\/\/www.richters.ge\/pl\/","logo":{"@type":"ImageObject","inLanguage":"pl-PL","@id":"https:\/\/www.richters.ge\/pl\/#\/schema\/logo\/image\/","url":"https:\/\/www.richters.ge\/wp-content\/uploads\/2023\/04\/logo1-e1741170833588.png","contentUrl":"https:\/\/www.richters.ge\/wp-content\/uploads\/2023\/04\/logo1-e1741170833588.png","width":2807,"height":753,"caption":"Richters Clinic"},"image":{"@id":"https:\/\/www.richters.ge\/pl\/#\/schema\/logo\/image\/"}}]}},"_links":{"self":[{"href":"https:\/\/www.richters.ge\/pl\/wp-json\/wp\/v2\/pages\/3547","targetHints":{"allow":["GET"]}}],"collection":[{"href":"https:\/\/www.richters.ge\/pl\/wp-json\/wp\/v2\/pages"}],"about":[{"href":"https:\/\/www.richters.ge\/pl\/wp-json\/wp\/v2\/types\/page"}],"author":[{"embeddable":true,"href":"https:\/\/www.richters.ge\/pl\/wp-json\/wp\/v2\/users\/1"}],"replies":[{"embeddable":true,"href":"https:\/\/www.richters.ge\/pl\/wp-json\/wp\/v2\/comments?post=3547"}],"version-history":[{"count":0,"href":"https:\/\/www.richters.ge\/pl\/wp-json\/wp\/v2\/pages\/3547\/revisions"}],"wp:featuredmedia":[{"embeddable":true,"href":"https:\/\/www.richters.ge\/pl\/wp-json\/wp\/v2\/media\/4748"}],"wp:attachment":[{"href":"https:\/\/www.richters.ge\/pl\/wp-json\/wp\/v2\/media?parent=3547"}],"curies":[{"name":"wp","href":"https:\/\/api.w.org\/{rel}","templated":true}]}}