{"id":4939,"date":"2024-04-03T16:48:00","date_gmt":"2024-04-03T12:48:00","guid":{"rendered":"https:\/\/www.richters.ge\/3d-tour-richters-clinic\/"},"modified":"2025-01-31T01:50:44","modified_gmt":"2025-01-30T21:50:44","slug":"3d-tour-richters-clinic","status":"publish","type":"page","link":"https:\/\/www.richters.ge\/fr\/3d-tour-richters-clinic\/","title":{"rendered":"Visite en 3D"},"content":{"rendered":"<p><iframe loading=\"lazy\" src=\"https:\/\/my.matterport.com\/show\/?m=WHEz4F4FWJL\" width=\"100%\" height=\"480\" frameborder=\"0\" allowfullscreen=\"allowfullscreen\"><\/iframe><\/p>\n<p><span style=\"color: #000000;\">D\u00e9couvrez la Clinique Richter avec une visite en 3D ! Faites une promenade virtuelle dans notre <span style=\"color: #0000ff;\"><a style=\"color: #0000ff;\" href=\"https:\/\/www.richters.ge\/fr\/\"><strong>clinique dentaire \u00e0 Tbilissi<\/strong><\/a><\/span> et d\u00e9couvrez chaque d\u00e9tail &#8211; de nos salles de traitement \u00e0 notre zone de st\u00e9rilisation enti\u00e8rement \u00e9quip\u00e9e. D\u00e9couvrez un environnement propre, moderne et accueillant qui assure votre confort \u00e0 chaque \u00e9tape. Voyez par vous-m\u00eame pourquoi les patients font confiance \u00e0 la Clinique Richter pour des soins dentaires de haute qualit\u00e9 ! <\/span><\/p>\n<p>&nbsp;<\/p>\n","protected":false},"excerpt":{"rendered":"<p>D\u00e9couvrez la Clinique Richter avec une visite en 3D ! Faites une promenade virtuelle dans notre clinique dentaire \u00e0 Tbilissi et d\u00e9couvrez chaque d\u00e9tail &#8211; de nos salles de traitement \u00e0 notre zone de st\u00e9rilisation enti\u00e8rement \u00e9quip\u00e9e. D\u00e9couvrez un environnement propre, moderne et accueillant qui assure votre confort \u00e0 chaque \u00e9tape. Voyez par vous-m\u00eame pourquoi&hellip; <a class=\"more-link\" href=\"https:\/\/www.richters.ge\/fr\/3d-tour-richters-clinic\/\">Continue reading <span class=\"screen-reader-text\">Visite en 3D<\/span><\/a><\/p>\n","protected":false},"author":1,"featured_media":0,"parent":0,"menu_order":0,"comment_status":"closed","ping_status":"closed","template":"","meta":{"iawp_total_views":19,"footnotes":""},"class_list":["post-4939","page","type-page","status-publish","hentry","entry"],"acf":[],"yoast_head":"<!-- This site is optimized with the Yoast SEO plugin v27.5 - https:\/\/yoast.com\/product\/yoast-seo-wordpress\/ -->\n<title>Visite 3D de la clinique dentaire de Tbilissi - Richter&#039;s Clinic<\/title>\n<meta name=\"description\" content=\"D\u00e9couvrez une clinique dentaire \u00e0 Tbilissi avec une visite 3D. Explorez des installations modernes et des soins avanc\u00e9s depuis chez vous.\" \/>\n<meta name=\"robots\" content=\"index, follow, max-snippet:-1, max-image-preview:large, max-video-preview:-1\" \/>\n<link rel=\"canonical\" href=\"https:\/\/www.richters.ge\/fr\/3d-tour-richters-clinic\/\" \/>\n<meta property=\"og:locale\" content=\"fr_FR\" \/>\n<meta property=\"og:type\" content=\"article\" \/>\n<meta property=\"og:title\" content=\"Visite 3D de la clinique dentaire de Tbilissi - Richter&#039;s Clinic\" \/>\n<meta property=\"og:description\" content=\"D\u00e9couvrez une clinique dentaire \u00e0 Tbilissi avec une visite 3D. Explorez des installations modernes et des soins avanc\u00e9s depuis chez vous.\" \/>\n<meta property=\"og:url\" content=\"https:\/\/www.richters.ge\/fr\/3d-tour-richters-clinic\/\" \/>\n<meta property=\"og:site_name\" content=\"Richters Clinic\" \/>\n<meta property=\"article:modified_time\" content=\"2025-01-30T21:50:44+00:00\" \/>\n<meta name=\"twitter:card\" content=\"summary_large_image\" \/>\n<meta name=\"twitter:label1\" content=\"Dur\u00e9e de lecture estim\u00e9e\" \/>\n\t<meta name=\"twitter:data1\" content=\"1 minute\" \/>\n<script type=\"application\/ld+json\" class=\"yoast-schema-graph\">{\"@context\":\"https:\\\/\\\/schema.org\",\"@graph\":[{\"@type\":\"WebPage\",\"@id\":\"https:\\\/\\\/www.richters.ge\\\/fr\\\/3d-tour-richters-clinic\\\/\",\"url\":\"https:\\\/\\\/www.richters.ge\\\/fr\\\/3d-tour-richters-clinic\\\/\",\"name\":\"Visite 3D de la clinique dentaire de Tbilissi - Richter's Clinic\",\"isPartOf\":{\"@id\":\"https:\\\/\\\/www.richters.ge\\\/fr\\\/#website\"},\"datePublished\":\"2024-04-03T12:48:00+00:00\",\"dateModified\":\"2025-01-30T21:50:44+00:00\",\"description\":\"D\u00e9couvrez une clinique dentaire \u00e0 Tbilissi avec une visite 3D. Explorez des installations modernes et des soins avanc\u00e9s depuis chez vous.\",\"inLanguage\":\"fr-FR\",\"potentialAction\":[{\"@type\":\"ReadAction\",\"target\":[\"https:\\\/\\\/www.richters.ge\\\/fr\\\/3d-tour-richters-clinic\\\/\"]}]},{\"@type\":\"WebSite\",\"@id\":\"https:\\\/\\\/www.richters.ge\\\/fr\\\/#website\",\"url\":\"https:\\\/\\\/www.richters.ge\\\/fr\\\/\",\"name\":\"Richters Clinic\",\"description\":\"Art of Aesthetics\",\"publisher\":{\"@id\":\"https:\\\/\\\/www.richters.ge\\\/fr\\\/#organization\"},\"potentialAction\":[{\"@type\":\"SearchAction\",\"target\":{\"@type\":\"EntryPoint\",\"urlTemplate\":\"https:\\\/\\\/www.richters.ge\\\/fr\\\/?s={search_term_string}\"},\"query-input\":{\"@type\":\"PropertyValueSpecification\",\"valueRequired\":true,\"valueName\":\"search_term_string\"}}],\"inLanguage\":\"fr-FR\"},{\"@type\":\"Organization\",\"@id\":\"https:\\\/\\\/www.richters.ge\\\/fr\\\/#organization\",\"name\":\"Richters Clinic\",\"url\":\"https:\\\/\\\/www.richters.ge\\\/fr\\\/\",\"logo\":{\"@type\":\"ImageObject\",\"inLanguage\":\"fr-FR\",\"@id\":\"https:\\\/\\\/www.richters.ge\\\/fr\\\/#\\\/schema\\\/logo\\\/image\\\/\",\"url\":\"https:\\\/\\\/www.richters.ge\\\/wp-content\\\/uploads\\\/2023\\\/04\\\/logo1-e1741170833588.png\",\"contentUrl\":\"https:\\\/\\\/www.richters.ge\\\/wp-content\\\/uploads\\\/2023\\\/04\\\/logo1-e1741170833588.png\",\"width\":2807,\"height\":753,\"caption\":\"Richters Clinic\"},\"image\":{\"@id\":\"https:\\\/\\\/www.richters.ge\\\/fr\\\/#\\\/schema\\\/logo\\\/image\\\/\"}}]}<\/script>\n<!-- \/ Yoast SEO plugin. -->","yoast_head_json":{"title":"Visite 3D de la clinique dentaire de Tbilissi - Richter's Clinic","description":"D\u00e9couvrez une clinique dentaire \u00e0 Tbilissi avec une visite 3D. Explorez des installations modernes et des soins avanc\u00e9s depuis chez vous.","robots":{"index":"index","follow":"follow","max-snippet":"max-snippet:-1","max-image-preview":"max-image-preview:large","max-video-preview":"max-video-preview:-1"},"canonical":"https:\/\/www.richters.ge\/fr\/3d-tour-richters-clinic\/","og_locale":"fr_FR","og_type":"article","og_title":"Visite 3D de la clinique dentaire de Tbilissi - Richter's Clinic","og_description":"D\u00e9couvrez une clinique dentaire \u00e0 Tbilissi avec une visite 3D. Explorez des installations modernes et des soins avanc\u00e9s depuis chez vous.","og_url":"https:\/\/www.richters.ge\/fr\/3d-tour-richters-clinic\/","og_site_name":"Richters Clinic","article_modified_time":"2025-01-30T21:50:44+00:00","twitter_card":"summary_large_image","twitter_misc":{"Dur\u00e9e de lecture estim\u00e9e":"1 minute"},"schema":{"@context":"https:\/\/schema.org","@graph":[{"@type":"WebPage","@id":"https:\/\/www.richters.ge\/fr\/3d-tour-richters-clinic\/","url":"https:\/\/www.richters.ge\/fr\/3d-tour-richters-clinic\/","name":"Visite 3D de la clinique dentaire de Tbilissi - Richter's Clinic","isPartOf":{"@id":"https:\/\/www.richters.ge\/fr\/#website"},"datePublished":"2024-04-03T12:48:00+00:00","dateModified":"2025-01-30T21:50:44+00:00","description":"D\u00e9couvrez une clinique dentaire \u00e0 Tbilissi avec une visite 3D. Explorez des installations modernes et des soins avanc\u00e9s depuis chez vous.","inLanguage":"fr-FR","potentialAction":[{"@type":"ReadAction","target":["https:\/\/www.richters.ge\/fr\/3d-tour-richters-clinic\/"]}]},{"@type":"WebSite","@id":"https:\/\/www.richters.ge\/fr\/#website","url":"https:\/\/www.richters.ge\/fr\/","name":"Richters Clinic","description":"Art of Aesthetics","publisher":{"@id":"https:\/\/www.richters.ge\/fr\/#organization"},"potentialAction":[{"@type":"SearchAction","target":{"@type":"EntryPoint","urlTemplate":"https:\/\/www.richters.ge\/fr\/?s={search_term_string}"},"query-input":{"@type":"PropertyValueSpecification","valueRequired":true,"valueName":"search_term_string"}}],"inLanguage":"fr-FR"},{"@type":"Organization","@id":"https:\/\/www.richters.ge\/fr\/#organization","name":"Richters Clinic","url":"https:\/\/www.richters.ge\/fr\/","logo":{"@type":"ImageObject","inLanguage":"fr-FR","@id":"https:\/\/www.richters.ge\/fr\/#\/schema\/logo\/image\/","url":"https:\/\/www.richters.ge\/wp-content\/uploads\/2023\/04\/logo1-e1741170833588.png","contentUrl":"https:\/\/www.richters.ge\/wp-content\/uploads\/2023\/04\/logo1-e1741170833588.png","width":2807,"height":753,"caption":"Richters Clinic"},"image":{"@id":"https:\/\/www.richters.ge\/fr\/#\/schema\/logo\/image\/"}}]}},"_links":{"self":[{"href":"https:\/\/www.richters.ge\/fr\/wp-json\/wp\/v2\/pages\/4939","targetHints":{"allow":["GET"]}}],"collection":[{"href":"https:\/\/www.richters.ge\/fr\/wp-json\/wp\/v2\/pages"}],"about":[{"href":"https:\/\/www.richters.ge\/fr\/wp-json\/wp\/v2\/types\/page"}],"author":[{"embeddable":true,"href":"https:\/\/www.richters.ge\/fr\/wp-json\/wp\/v2\/users\/1"}],"replies":[{"embeddable":true,"href":"https:\/\/www.richters.ge\/fr\/wp-json\/wp\/v2\/comments?post=4939"}],"version-history":[{"count":0,"href":"https:\/\/www.richters.ge\/fr\/wp-json\/wp\/v2\/pages\/4939\/revisions"}],"wp:attachment":[{"href":"https:\/\/www.richters.ge\/fr\/wp-json\/wp\/v2\/media?parent=4939"}],"curies":[{"name":"wp","href":"https:\/\/api.w.org\/{rel}","templated":true}]}}