{"id":4685,"date":"2023-04-04T10:43:05","date_gmt":"2023-04-04T06:43:05","guid":{"rendered":"https:\/\/www.richters.ge\/blog\/"},"modified":"2023-04-04T10:43:05","modified_gmt":"2023-04-04T06:43:05","slug":"blog","status":"publish","type":"page","link":"https:\/\/www.richters.ge\/fr\/blog\/","title":{"rendered":"Blog"},"content":{"rendered":"","protected":false},"excerpt":{"rendered":"","protected":false},"author":1,"featured_media":4686,"parent":0,"menu_order":0,"comment_status":"closed","ping_status":"closed","template":"page-templates\/our-blogs.php","meta":{"iawp_total_views":2,"footnotes":""},"class_list":["post-4685","page","type-page","status-publish","has-post-thumbnail","hentry","entry"],"acf":[],"yoast_head":"<!-- This site is optimized with the Yoast SEO plugin v27.4 - https:\/\/yoast.com\/product\/yoast-seo-wordpress\/ -->\n<title>Blog | Blogs | Services dentaires et esth\u00e9tiques Tbilissi<\/title>\n<meta name=\"description\" content=\"D\u00e9couvrez des id\u00e9es, des mises \u00e0 jour et des conseils d&#039;experts sur notre blog. Des conseils en mati\u00e8re de soins dentaires aux derni\u00e8res tendances en mati\u00e8re d&#039;esth\u00e9tique, restez inform\u00e9 gr\u00e2ce au blog de la Clinique Richter !\" \/>\n<meta name=\"robots\" content=\"index, follow, max-snippet:-1, max-image-preview:large, max-video-preview:-1\" \/>\n<link rel=\"canonical\" href=\"https:\/\/www.richters.ge\/fr\/blog\/\" \/>\n<meta property=\"og:locale\" content=\"fr_FR\" \/>\n<meta property=\"og:type\" content=\"article\" \/>\n<meta property=\"og:title\" content=\"Blog | Blogs | Services dentaires et esth\u00e9tiques Tbilissi\" \/>\n<meta property=\"og:description\" content=\"D\u00e9couvrez des id\u00e9es, des mises \u00e0 jour et des conseils d&#039;experts sur notre blog. Des conseils en mati\u00e8re de soins dentaires aux derni\u00e8res tendances en mati\u00e8re d&#039;esth\u00e9tique, restez inform\u00e9 gr\u00e2ce au blog de la Clinique Richter !\" \/>\n<meta property=\"og:url\" content=\"https:\/\/www.richters.ge\/fr\/blog\/\" \/>\n<meta property=\"og:site_name\" content=\"Richters Clinic\" \/>\n<meta property=\"og:image\" content=\"https:\/\/www.richters.ge\/wp-content\/uploads\/2023\/11\/57-1.jpg\" \/>\n\t<meta property=\"og:image:width\" content=\"2500\" \/>\n\t<meta property=\"og:image:height\" content=\"1667\" \/>\n\t<meta property=\"og:image:type\" content=\"image\/jpeg\" \/>\n<meta name=\"twitter:card\" content=\"summary_large_image\" \/>\n<script type=\"application\/ld+json\" class=\"yoast-schema-graph\">{\"@context\":\"https:\\\/\\\/schema.org\",\"@graph\":[{\"@type\":\"WebPage\",\"@id\":\"https:\\\/\\\/www.richters.ge\\\/fr\\\/blog\\\/\",\"url\":\"https:\\\/\\\/www.richters.ge\\\/fr\\\/blog\\\/\",\"name\":\"Blog | Blogs | Services dentaires et esth\u00e9tiques Tbilissi\",\"isPartOf\":{\"@id\":\"https:\\\/\\\/www.richters.ge\\\/fr\\\/#website\"},\"primaryImageOfPage\":{\"@id\":\"https:\\\/\\\/www.richters.ge\\\/fr\\\/blog\\\/#primaryimage\"},\"image\":{\"@id\":\"https:\\\/\\\/www.richters.ge\\\/fr\\\/blog\\\/#primaryimage\"},\"thumbnailUrl\":\"https:\\\/\\\/www.richters.ge\\\/wp-content\\\/uploads\\\/2023\\\/11\\\/57-1.jpg\",\"datePublished\":\"2023-04-04T06:43:05+00:00\",\"description\":\"D\u00e9couvrez des id\u00e9es, des mises \u00e0 jour et des conseils d'experts sur notre blog. Des conseils en mati\u00e8re de soins dentaires aux derni\u00e8res tendances en mati\u00e8re d'esth\u00e9tique, restez inform\u00e9 gr\u00e2ce au blog de la Clinique Richter !\",\"inLanguage\":\"fr-FR\",\"potentialAction\":[{\"@type\":\"ReadAction\",\"target\":[\"https:\\\/\\\/www.richters.ge\\\/fr\\\/blog\\\/\"]}]},{\"@type\":\"ImageObject\",\"inLanguage\":\"fr-FR\",\"@id\":\"https:\\\/\\\/www.richters.ge\\\/fr\\\/blog\\\/#primaryimage\",\"url\":\"https:\\\/\\\/www.richters.ge\\\/wp-content\\\/uploads\\\/2023\\\/11\\\/57-1.jpg\",\"contentUrl\":\"https:\\\/\\\/www.richters.ge\\\/wp-content\\\/uploads\\\/2023\\\/11\\\/57-1.jpg\",\"width\":2500,\"height\":1667,\"caption\":\"full mouth photo on computer\"},{\"@type\":\"WebSite\",\"@id\":\"https:\\\/\\\/www.richters.ge\\\/fr\\\/#website\",\"url\":\"https:\\\/\\\/www.richters.ge\\\/fr\\\/\",\"name\":\"Richters Clinic\",\"description\":\"Art of Aesthetics\",\"publisher\":{\"@id\":\"https:\\\/\\\/www.richters.ge\\\/fr\\\/#organization\"},\"potentialAction\":[{\"@type\":\"SearchAction\",\"target\":{\"@type\":\"EntryPoint\",\"urlTemplate\":\"https:\\\/\\\/www.richters.ge\\\/fr\\\/?s={search_term_string}\"},\"query-input\":{\"@type\":\"PropertyValueSpecification\",\"valueRequired\":true,\"valueName\":\"search_term_string\"}}],\"inLanguage\":\"fr-FR\"},{\"@type\":\"Organization\",\"@id\":\"https:\\\/\\\/www.richters.ge\\\/fr\\\/#organization\",\"name\":\"Richters Clinic\",\"url\":\"https:\\\/\\\/www.richters.ge\\\/fr\\\/\",\"logo\":{\"@type\":\"ImageObject\",\"inLanguage\":\"fr-FR\",\"@id\":\"https:\\\/\\\/www.richters.ge\\\/fr\\\/#\\\/schema\\\/logo\\\/image\\\/\",\"url\":\"https:\\\/\\\/www.richters.ge\\\/wp-content\\\/uploads\\\/2023\\\/04\\\/logo1-e1741170833588.png\",\"contentUrl\":\"https:\\\/\\\/www.richters.ge\\\/wp-content\\\/uploads\\\/2023\\\/04\\\/logo1-e1741170833588.png\",\"width\":2807,\"height\":753,\"caption\":\"Richters Clinic\"},\"image\":{\"@id\":\"https:\\\/\\\/www.richters.ge\\\/fr\\\/#\\\/schema\\\/logo\\\/image\\\/\"}}]}<\/script>\n<!-- \/ Yoast SEO plugin. -->","yoast_head_json":{"title":"Blog | Blogs | Services dentaires et esth\u00e9tiques Tbilissi","description":"D\u00e9couvrez des id\u00e9es, des mises \u00e0 jour et des conseils d'experts sur notre blog. Des conseils en mati\u00e8re de soins dentaires aux derni\u00e8res tendances en mati\u00e8re d'esth\u00e9tique, restez inform\u00e9 gr\u00e2ce au blog de la Clinique Richter !","robots":{"index":"index","follow":"follow","max-snippet":"max-snippet:-1","max-image-preview":"max-image-preview:large","max-video-preview":"max-video-preview:-1"},"canonical":"https:\/\/www.richters.ge\/fr\/blog\/","og_locale":"fr_FR","og_type":"article","og_title":"Blog | Blogs | Services dentaires et esth\u00e9tiques Tbilissi","og_description":"D\u00e9couvrez des id\u00e9es, des mises \u00e0 jour et des conseils d'experts sur notre blog. Des conseils en mati\u00e8re de soins dentaires aux derni\u00e8res tendances en mati\u00e8re d'esth\u00e9tique, restez inform\u00e9 gr\u00e2ce au blog de la Clinique Richter !","og_url":"https:\/\/www.richters.ge\/fr\/blog\/","og_site_name":"Richters Clinic","og_image":[{"width":2500,"height":1667,"url":"https:\/\/www.richters.ge\/wp-content\/uploads\/2023\/11\/57-1.jpg","type":"image\/jpeg"}],"twitter_card":"summary_large_image","schema":{"@context":"https:\/\/schema.org","@graph":[{"@type":"WebPage","@id":"https:\/\/www.richters.ge\/fr\/blog\/","url":"https:\/\/www.richters.ge\/fr\/blog\/","name":"Blog | Blogs | Services dentaires et esth\u00e9tiques Tbilissi","isPartOf":{"@id":"https:\/\/www.richters.ge\/fr\/#website"},"primaryImageOfPage":{"@id":"https:\/\/www.richters.ge\/fr\/blog\/#primaryimage"},"image":{"@id":"https:\/\/www.richters.ge\/fr\/blog\/#primaryimage"},"thumbnailUrl":"https:\/\/www.richters.ge\/wp-content\/uploads\/2023\/11\/57-1.jpg","datePublished":"2023-04-04T06:43:05+00:00","description":"D\u00e9couvrez des id\u00e9es, des mises \u00e0 jour et des conseils d'experts sur notre blog. Des conseils en mati\u00e8re de soins dentaires aux derni\u00e8res tendances en mati\u00e8re d'esth\u00e9tique, restez inform\u00e9 gr\u00e2ce au blog de la Clinique Richter !","inLanguage":"fr-FR","potentialAction":[{"@type":"ReadAction","target":["https:\/\/www.richters.ge\/fr\/blog\/"]}]},{"@type":"ImageObject","inLanguage":"fr-FR","@id":"https:\/\/www.richters.ge\/fr\/blog\/#primaryimage","url":"https:\/\/www.richters.ge\/wp-content\/uploads\/2023\/11\/57-1.jpg","contentUrl":"https:\/\/www.richters.ge\/wp-content\/uploads\/2023\/11\/57-1.jpg","width":2500,"height":1667,"caption":"full mouth photo on computer"},{"@type":"WebSite","@id":"https:\/\/www.richters.ge\/fr\/#website","url":"https:\/\/www.richters.ge\/fr\/","name":"Richters Clinic","description":"Art of Aesthetics","publisher":{"@id":"https:\/\/www.richters.ge\/fr\/#organization"},"potentialAction":[{"@type":"SearchAction","target":{"@type":"EntryPoint","urlTemplate":"https:\/\/www.richters.ge\/fr\/?s={search_term_string}"},"query-input":{"@type":"PropertyValueSpecification","valueRequired":true,"valueName":"search_term_string"}}],"inLanguage":"fr-FR"},{"@type":"Organization","@id":"https:\/\/www.richters.ge\/fr\/#organization","name":"Richters Clinic","url":"https:\/\/www.richters.ge\/fr\/","logo":{"@type":"ImageObject","inLanguage":"fr-FR","@id":"https:\/\/www.richters.ge\/fr\/#\/schema\/logo\/image\/","url":"https:\/\/www.richters.ge\/wp-content\/uploads\/2023\/04\/logo1-e1741170833588.png","contentUrl":"https:\/\/www.richters.ge\/wp-content\/uploads\/2023\/04\/logo1-e1741170833588.png","width":2807,"height":753,"caption":"Richters Clinic"},"image":{"@id":"https:\/\/www.richters.ge\/fr\/#\/schema\/logo\/image\/"}}]}},"_links":{"self":[{"href":"https:\/\/www.richters.ge\/fr\/wp-json\/wp\/v2\/pages\/4685","targetHints":{"allow":["GET"]}}],"collection":[{"href":"https:\/\/www.richters.ge\/fr\/wp-json\/wp\/v2\/pages"}],"about":[{"href":"https:\/\/www.richters.ge\/fr\/wp-json\/wp\/v2\/types\/page"}],"author":[{"embeddable":true,"href":"https:\/\/www.richters.ge\/fr\/wp-json\/wp\/v2\/users\/1"}],"replies":[{"embeddable":true,"href":"https:\/\/www.richters.ge\/fr\/wp-json\/wp\/v2\/comments?post=4685"}],"version-history":[{"count":0,"href":"https:\/\/www.richters.ge\/fr\/wp-json\/wp\/v2\/pages\/4685\/revisions"}],"wp:featuredmedia":[{"embeddable":true,"href":"https:\/\/www.richters.ge\/fr\/wp-json\/wp\/v2\/media\/4686"}],"wp:attachment":[{"href":"https:\/\/www.richters.ge\/fr\/wp-json\/wp\/v2\/media?parent=4685"}],"curies":[{"name":"wp","href":"https:\/\/api.w.org\/{rel}","templated":true}]}}