{"id":4652,"date":"2023-11-28T16:33:02","date_gmt":"2023-11-28T12:33:02","guid":{"rendered":"https:\/\/www.richters.ge\/clause-de-non-responsabilite\/"},"modified":"2023-11-28T16:33:02","modified_gmt":"2023-11-28T12:33:02","slug":"clause-de-non-responsabilite","status":"publish","type":"page","link":"https:\/\/www.richters.ge\/fr\/clause-de-non-responsabilite\/","title":{"rendered":"CLAUSE DE NON-RESPONSABILIT\u00c9"},"content":{"rendered":"<p><strong>AVERTISSEMENT : les informations fournies sur le site web sont uniquement destin\u00e9es \u00e0 des fins \u00e9ducatives et ne peuvent se substituer \u00e0 un avis m\u00e9dical professionnel. Nous conseillons de demander des conseils m\u00e9dicaux, des diagnostics ou des traitements \u00e0 un professionnel de la sant\u00e9 ou \u00e0 un fournisseur de soins de sant\u00e9. Le propri\u00e9taire du site n&rsquo;est pas responsable des probl\u00e8mes ou des risques li\u00e9s \u00e0 l&rsquo;utilisation ou \u00e0 la mise en \u0153uvre des informations contenues dans le site. L&rsquo;utilisation du site n&rsquo;\u00e9tablit aucune relation m\u00e9decin-patient.<\/strong><\/p>\n","protected":false},"excerpt":{"rendered":"<p>AVERTISSEMENT : les informations fournies sur le site web sont uniquement destin\u00e9es \u00e0 des fins \u00e9ducatives et ne peuvent se substituer \u00e0 un avis m\u00e9dical professionnel. Nous conseillons de demander des conseils m\u00e9dicaux, des diagnostics ou des traitements \u00e0 un professionnel de la sant\u00e9 ou \u00e0 un fournisseur de soins de sant\u00e9. Le propri\u00e9taire du&hellip; <a class=\"more-link\" href=\"https:\/\/www.richters.ge\/fr\/clause-de-non-responsabilite\/\">Continue reading <span class=\"screen-reader-text\">CLAUSE DE NON-RESPONSABILIT\u00c9<\/span><\/a><\/p>\n","protected":false},"author":1,"featured_media":0,"parent":0,"menu_order":0,"comment_status":"closed","ping_status":"closed","template":"","meta":{"iawp_total_views":6,"footnotes":""},"class_list":["post-4652","page","type-page","status-publish","hentry","entry"],"acf":[],"yoast_head":"<!-- This site is optimized with the Yoast SEO plugin v27.5 - https:\/\/yoast.com\/product\/yoast-seo-wordpress\/ -->\n<title>Clause de non-responsabilit\u00e9 - Clinique Richters \u00e0 Tbilissi<\/title>\n<meta name=\"description\" content=\"Notre site web fournit un contenu \u00e9ducatif et ne remplace pas l&#039;avis d&#039;un professionnel de la sant\u00e9. Consultez un professionnel de la sant\u00e9 pour des conseils personnalis\u00e9s !\" \/>\n<meta name=\"robots\" content=\"index, follow, max-snippet:-1, max-image-preview:large, max-video-preview:-1\" \/>\n<link rel=\"canonical\" href=\"https:\/\/www.richters.ge\/fr\/clause-de-non-responsabilite\/\" \/>\n<meta property=\"og:locale\" content=\"fr_FR\" \/>\n<meta property=\"og:type\" content=\"article\" \/>\n<meta property=\"og:title\" content=\"Clause de non-responsabilit\u00e9 - Clinique Richters \u00e0 Tbilissi\" \/>\n<meta property=\"og:description\" content=\"Notre site web fournit un contenu \u00e9ducatif et ne remplace pas l&#039;avis d&#039;un professionnel de la sant\u00e9. Consultez un professionnel de la sant\u00e9 pour des conseils personnalis\u00e9s !\" \/>\n<meta property=\"og:url\" content=\"https:\/\/www.richters.ge\/fr\/clause-de-non-responsabilite\/\" \/>\n<meta property=\"og:site_name\" content=\"Richters Clinic\" \/>\n<meta name=\"twitter:card\" content=\"summary_large_image\" \/>\n<script type=\"application\/ld+json\" class=\"yoast-schema-graph\">{\"@context\":\"https:\\\/\\\/schema.org\",\"@graph\":[{\"@type\":\"WebPage\",\"@id\":\"https:\\\/\\\/www.richters.ge\\\/fr\\\/clause-de-non-responsabilite\\\/\",\"url\":\"https:\\\/\\\/www.richters.ge\\\/fr\\\/clause-de-non-responsabilite\\\/\",\"name\":\"Clause de non-responsabilit\u00e9 - Clinique Richters \u00e0 Tbilissi\",\"isPartOf\":{\"@id\":\"https:\\\/\\\/www.richters.ge\\\/fr\\\/#website\"},\"datePublished\":\"2023-11-28T12:33:02+00:00\",\"description\":\"Notre site web fournit un contenu \u00e9ducatif et ne remplace pas l'avis d'un professionnel de la sant\u00e9. Consultez un professionnel de la sant\u00e9 pour des conseils personnalis\u00e9s !\",\"inLanguage\":\"fr-FR\",\"potentialAction\":[{\"@type\":\"ReadAction\",\"target\":[\"https:\\\/\\\/www.richters.ge\\\/fr\\\/clause-de-non-responsabilite\\\/\"]}]},{\"@type\":\"WebSite\",\"@id\":\"https:\\\/\\\/www.richters.ge\\\/fr\\\/#website\",\"url\":\"https:\\\/\\\/www.richters.ge\\\/fr\\\/\",\"name\":\"Richters Clinic\",\"description\":\"Art of Aesthetics\",\"publisher\":{\"@id\":\"https:\\\/\\\/www.richters.ge\\\/fr\\\/#organization\"},\"potentialAction\":[{\"@type\":\"SearchAction\",\"target\":{\"@type\":\"EntryPoint\",\"urlTemplate\":\"https:\\\/\\\/www.richters.ge\\\/fr\\\/?s={search_term_string}\"},\"query-input\":{\"@type\":\"PropertyValueSpecification\",\"valueRequired\":true,\"valueName\":\"search_term_string\"}}],\"inLanguage\":\"fr-FR\"},{\"@type\":\"Organization\",\"@id\":\"https:\\\/\\\/www.richters.ge\\\/fr\\\/#organization\",\"name\":\"Richters Clinic\",\"url\":\"https:\\\/\\\/www.richters.ge\\\/fr\\\/\",\"logo\":{\"@type\":\"ImageObject\",\"inLanguage\":\"fr-FR\",\"@id\":\"https:\\\/\\\/www.richters.ge\\\/fr\\\/#\\\/schema\\\/logo\\\/image\\\/\",\"url\":\"https:\\\/\\\/www.richters.ge\\\/wp-content\\\/uploads\\\/2023\\\/04\\\/logo1-e1741170833588.png\",\"contentUrl\":\"https:\\\/\\\/www.richters.ge\\\/wp-content\\\/uploads\\\/2023\\\/04\\\/logo1-e1741170833588.png\",\"width\":2807,\"height\":753,\"caption\":\"Richters Clinic\"},\"image\":{\"@id\":\"https:\\\/\\\/www.richters.ge\\\/fr\\\/#\\\/schema\\\/logo\\\/image\\\/\"}}]}<\/script>\n<!-- \/ Yoast SEO plugin. -->","yoast_head_json":{"title":"Clause de non-responsabilit\u00e9 - Clinique Richters \u00e0 Tbilissi","description":"Notre site web fournit un contenu \u00e9ducatif et ne remplace pas l'avis d'un professionnel de la sant\u00e9. Consultez un professionnel de la sant\u00e9 pour des conseils personnalis\u00e9s !","robots":{"index":"index","follow":"follow","max-snippet":"max-snippet:-1","max-image-preview":"max-image-preview:large","max-video-preview":"max-video-preview:-1"},"canonical":"https:\/\/www.richters.ge\/fr\/clause-de-non-responsabilite\/","og_locale":"fr_FR","og_type":"article","og_title":"Clause de non-responsabilit\u00e9 - Clinique Richters \u00e0 Tbilissi","og_description":"Notre site web fournit un contenu \u00e9ducatif et ne remplace pas l'avis d'un professionnel de la sant\u00e9. Consultez un professionnel de la sant\u00e9 pour des conseils personnalis\u00e9s !","og_url":"https:\/\/www.richters.ge\/fr\/clause-de-non-responsabilite\/","og_site_name":"Richters Clinic","twitter_card":"summary_large_image","schema":{"@context":"https:\/\/schema.org","@graph":[{"@type":"WebPage","@id":"https:\/\/www.richters.ge\/fr\/clause-de-non-responsabilite\/","url":"https:\/\/www.richters.ge\/fr\/clause-de-non-responsabilite\/","name":"Clause de non-responsabilit\u00e9 - Clinique Richters \u00e0 Tbilissi","isPartOf":{"@id":"https:\/\/www.richters.ge\/fr\/#website"},"datePublished":"2023-11-28T12:33:02+00:00","description":"Notre site web fournit un contenu \u00e9ducatif et ne remplace pas l'avis d'un professionnel de la sant\u00e9. Consultez un professionnel de la sant\u00e9 pour des conseils personnalis\u00e9s !","inLanguage":"fr-FR","potentialAction":[{"@type":"ReadAction","target":["https:\/\/www.richters.ge\/fr\/clause-de-non-responsabilite\/"]}]},{"@type":"WebSite","@id":"https:\/\/www.richters.ge\/fr\/#website","url":"https:\/\/www.richters.ge\/fr\/","name":"Richters Clinic","description":"Art of Aesthetics","publisher":{"@id":"https:\/\/www.richters.ge\/fr\/#organization"},"potentialAction":[{"@type":"SearchAction","target":{"@type":"EntryPoint","urlTemplate":"https:\/\/www.richters.ge\/fr\/?s={search_term_string}"},"query-input":{"@type":"PropertyValueSpecification","valueRequired":true,"valueName":"search_term_string"}}],"inLanguage":"fr-FR"},{"@type":"Organization","@id":"https:\/\/www.richters.ge\/fr\/#organization","name":"Richters Clinic","url":"https:\/\/www.richters.ge\/fr\/","logo":{"@type":"ImageObject","inLanguage":"fr-FR","@id":"https:\/\/www.richters.ge\/fr\/#\/schema\/logo\/image\/","url":"https:\/\/www.richters.ge\/wp-content\/uploads\/2023\/04\/logo1-e1741170833588.png","contentUrl":"https:\/\/www.richters.ge\/wp-content\/uploads\/2023\/04\/logo1-e1741170833588.png","width":2807,"height":753,"caption":"Richters Clinic"},"image":{"@id":"https:\/\/www.richters.ge\/fr\/#\/schema\/logo\/image\/"}}]}},"_links":{"self":[{"href":"https:\/\/www.richters.ge\/fr\/wp-json\/wp\/v2\/pages\/4652","targetHints":{"allow":["GET"]}}],"collection":[{"href":"https:\/\/www.richters.ge\/fr\/wp-json\/wp\/v2\/pages"}],"about":[{"href":"https:\/\/www.richters.ge\/fr\/wp-json\/wp\/v2\/types\/page"}],"author":[{"embeddable":true,"href":"https:\/\/www.richters.ge\/fr\/wp-json\/wp\/v2\/users\/1"}],"replies":[{"embeddable":true,"href":"https:\/\/www.richters.ge\/fr\/wp-json\/wp\/v2\/comments?post=4652"}],"version-history":[{"count":0,"href":"https:\/\/www.richters.ge\/fr\/wp-json\/wp\/v2\/pages\/4652\/revisions"}],"wp:attachment":[{"href":"https:\/\/www.richters.ge\/fr\/wp-json\/wp\/v2\/media?parent=4652"}],"curies":[{"name":"wp","href":"https:\/\/api.w.org\/{rel}","templated":true}]}}