{"id":3930,"date":"2023-04-04T10:41:47","date_gmt":"2023-04-04T06:41:47","guid":{"rendered":"https:\/\/www.richters.ge\/a-propos-de-nous\/"},"modified":"2024-12-11T23:31:54","modified_gmt":"2024-12-11T19:31:54","slug":"a-propos-de-nous","status":"publish","type":"page","link":"https:\/\/www.richters.ge\/fr\/a-propos-de-nous\/","title":{"rendered":"\u00c0 propos de nous"},"content":{"rendered":"","protected":false},"excerpt":{"rendered":"","protected":false},"author":1,"featured_media":9178,"parent":0,"menu_order":0,"comment_status":"closed","ping_status":"closed","template":"page-templates\/about-us.php","meta":{"iawp_total_views":17,"footnotes":""},"class_list":["post-3930","page","type-page","status-publish","has-post-thumbnail","hentry","entry"],"acf":[],"yoast_head":"<!-- This site is optimized with the Yoast SEO plugin v27.5 - https:\/\/yoast.com\/product\/yoast-seo-wordpress\/ -->\n<title>A propos de nous | Dentisterie et cosm\u00e9tologie Tbilissi | Richters<\/title>\n<meta name=\"description\" content=\"D\u00e9couvrez l&#039;histoire de la clinique dentaire Richter ! Plongez dans la mission de notre \u00e9quipe d\u00e9vou\u00e9e et d\u00e9couvrez les aspirations qui nous poussent vers l&#039;excellence.\" \/>\n<meta name=\"robots\" content=\"index, follow, max-snippet:-1, max-image-preview:large, max-video-preview:-1\" \/>\n<link rel=\"canonical\" href=\"https:\/\/www.richters.ge\/fr\/a-propos-de-nous\/\" \/>\n<meta property=\"og:locale\" content=\"fr_FR\" \/>\n<meta property=\"og:type\" content=\"article\" \/>\n<meta property=\"og:title\" content=\"A propos de nous | Dentisterie et cosm\u00e9tologie Tbilissi | Richters\" \/>\n<meta property=\"og:description\" content=\"D\u00e9couvrez l&#039;histoire de la clinique dentaire Richter ! Plongez dans la mission de notre \u00e9quipe d\u00e9vou\u00e9e et d\u00e9couvrez les aspirations qui nous poussent vers l&#039;excellence.\" \/>\n<meta property=\"og:url\" content=\"https:\/\/www.richters.ge\/fr\/a-propos-de-nous\/\" \/>\n<meta property=\"og:site_name\" content=\"Richters Clinic\" \/>\n<meta property=\"article:modified_time\" content=\"2024-12-11T19:31:54+00:00\" \/>\n<meta property=\"og:image\" content=\"https:\/\/www.richters.ge\/wp-content\/uploads\/2024\/12\/dental-clinic-tbilisi-scaled.jpg\" \/>\n\t<meta property=\"og:image:width\" content=\"2560\" \/>\n\t<meta property=\"og:image:height\" content=\"1440\" \/>\n\t<meta property=\"og:image:type\" content=\"image\/jpeg\" \/>\n<meta name=\"twitter:card\" content=\"summary_large_image\" \/>\n<meta name=\"twitter:label1\" content=\"Dur\u00e9e de lecture estim\u00e9e\" \/>\n\t<meta name=\"twitter:data1\" content=\"1 minute\" \/>\n<script type=\"application\/ld+json\" class=\"yoast-schema-graph\">{\"@context\":\"https:\\\/\\\/schema.org\",\"@graph\":[{\"@type\":\"WebPage\",\"@id\":\"https:\\\/\\\/www.richters.ge\\\/fr\\\/a-propos-de-nous\\\/\",\"url\":\"https:\\\/\\\/www.richters.ge\\\/fr\\\/a-propos-de-nous\\\/\",\"name\":\"A propos de nous | Dentisterie et cosm\u00e9tologie Tbilissi | Richters\",\"isPartOf\":{\"@id\":\"https:\\\/\\\/www.richters.ge\\\/fr\\\/#website\"},\"primaryImageOfPage\":{\"@id\":\"https:\\\/\\\/www.richters.ge\\\/fr\\\/a-propos-de-nous\\\/#primaryimage\"},\"image\":{\"@id\":\"https:\\\/\\\/www.richters.ge\\\/fr\\\/a-propos-de-nous\\\/#primaryimage\"},\"thumbnailUrl\":\"https:\\\/\\\/www.richters.ge\\\/wp-content\\\/uploads\\\/2026\\\/03\\\/017A6280.webp\",\"datePublished\":\"2023-04-04T06:41:47+00:00\",\"dateModified\":\"2024-12-11T19:31:54+00:00\",\"description\":\"D\u00e9couvrez l'histoire de la clinique dentaire Richter ! Plongez dans la mission de notre \u00e9quipe d\u00e9vou\u00e9e et d\u00e9couvrez les aspirations qui nous poussent vers l'excellence.\",\"inLanguage\":\"fr-FR\",\"potentialAction\":[{\"@type\":\"ReadAction\",\"target\":[\"https:\\\/\\\/www.richters.ge\\\/fr\\\/a-propos-de-nous\\\/\"]}]},{\"@type\":\"ImageObject\",\"inLanguage\":\"fr-FR\",\"@id\":\"https:\\\/\\\/www.richters.ge\\\/fr\\\/a-propos-de-nous\\\/#primaryimage\",\"url\":\"https:\\\/\\\/www.richters.ge\\\/wp-content\\\/uploads\\\/2026\\\/03\\\/017A6280.webp\",\"contentUrl\":\"https:\\\/\\\/www.richters.ge\\\/wp-content\\\/uploads\\\/2026\\\/03\\\/017A6280.webp\",\"width\":2301,\"height\":941,\"caption\":\"Richters Clinic Team Tbilisi Dentists\"},{\"@type\":\"WebSite\",\"@id\":\"https:\\\/\\\/www.richters.ge\\\/fr\\\/#website\",\"url\":\"https:\\\/\\\/www.richters.ge\\\/fr\\\/\",\"name\":\"Richters Clinic\",\"description\":\"Art of Aesthetics\",\"publisher\":{\"@id\":\"https:\\\/\\\/www.richters.ge\\\/fr\\\/#organization\"},\"potentialAction\":[{\"@type\":\"SearchAction\",\"target\":{\"@type\":\"EntryPoint\",\"urlTemplate\":\"https:\\\/\\\/www.richters.ge\\\/fr\\\/?s={search_term_string}\"},\"query-input\":{\"@type\":\"PropertyValueSpecification\",\"valueRequired\":true,\"valueName\":\"search_term_string\"}}],\"inLanguage\":\"fr-FR\"},{\"@type\":\"Organization\",\"@id\":\"https:\\\/\\\/www.richters.ge\\\/fr\\\/#organization\",\"name\":\"Richters Clinic\",\"url\":\"https:\\\/\\\/www.richters.ge\\\/fr\\\/\",\"logo\":{\"@type\":\"ImageObject\",\"inLanguage\":\"fr-FR\",\"@id\":\"https:\\\/\\\/www.richters.ge\\\/fr\\\/#\\\/schema\\\/logo\\\/image\\\/\",\"url\":\"https:\\\/\\\/www.richters.ge\\\/wp-content\\\/uploads\\\/2023\\\/04\\\/logo1-e1741170833588.png\",\"contentUrl\":\"https:\\\/\\\/www.richters.ge\\\/wp-content\\\/uploads\\\/2023\\\/04\\\/logo1-e1741170833588.png\",\"width\":2807,\"height\":753,\"caption\":\"Richters Clinic\"},\"image\":{\"@id\":\"https:\\\/\\\/www.richters.ge\\\/fr\\\/#\\\/schema\\\/logo\\\/image\\\/\"}}]}<\/script>\n<!-- \/ Yoast SEO plugin. -->","yoast_head_json":{"title":"A propos de nous | Dentisterie et cosm\u00e9tologie Tbilissi | Richters","description":"D\u00e9couvrez l'histoire de la clinique dentaire Richter ! Plongez dans la mission de notre \u00e9quipe d\u00e9vou\u00e9e et d\u00e9couvrez les aspirations qui nous poussent vers l'excellence.","robots":{"index":"index","follow":"follow","max-snippet":"max-snippet:-1","max-image-preview":"max-image-preview:large","max-video-preview":"max-video-preview:-1"},"canonical":"https:\/\/www.richters.ge\/fr\/a-propos-de-nous\/","og_locale":"fr_FR","og_type":"article","og_title":"A propos de nous | Dentisterie et cosm\u00e9tologie Tbilissi | Richters","og_description":"D\u00e9couvrez l'histoire de la clinique dentaire Richter ! Plongez dans la mission de notre \u00e9quipe d\u00e9vou\u00e9e et d\u00e9couvrez les aspirations qui nous poussent vers l'excellence.","og_url":"https:\/\/www.richters.ge\/fr\/a-propos-de-nous\/","og_site_name":"Richters Clinic","article_modified_time":"2024-12-11T19:31:54+00:00","og_image":[{"width":2560,"height":1440,"url":"https:\/\/www.richters.ge\/wp-content\/uploads\/2024\/12\/dental-clinic-tbilisi-scaled.jpg","type":"image\/jpeg"}],"twitter_card":"summary_large_image","twitter_misc":{"Dur\u00e9e de lecture estim\u00e9e":"1 minute"},"schema":{"@context":"https:\/\/schema.org","@graph":[{"@type":"WebPage","@id":"https:\/\/www.richters.ge\/fr\/a-propos-de-nous\/","url":"https:\/\/www.richters.ge\/fr\/a-propos-de-nous\/","name":"A propos de nous | Dentisterie et cosm\u00e9tologie Tbilissi | Richters","isPartOf":{"@id":"https:\/\/www.richters.ge\/fr\/#website"},"primaryImageOfPage":{"@id":"https:\/\/www.richters.ge\/fr\/a-propos-de-nous\/#primaryimage"},"image":{"@id":"https:\/\/www.richters.ge\/fr\/a-propos-de-nous\/#primaryimage"},"thumbnailUrl":"https:\/\/www.richters.ge\/wp-content\/uploads\/2026\/03\/017A6280.webp","datePublished":"2023-04-04T06:41:47+00:00","dateModified":"2024-12-11T19:31:54+00:00","description":"D\u00e9couvrez l'histoire de la clinique dentaire Richter ! Plongez dans la mission de notre \u00e9quipe d\u00e9vou\u00e9e et d\u00e9couvrez les aspirations qui nous poussent vers l'excellence.","inLanguage":"fr-FR","potentialAction":[{"@type":"ReadAction","target":["https:\/\/www.richters.ge\/fr\/a-propos-de-nous\/"]}]},{"@type":"ImageObject","inLanguage":"fr-FR","@id":"https:\/\/www.richters.ge\/fr\/a-propos-de-nous\/#primaryimage","url":"https:\/\/www.richters.ge\/wp-content\/uploads\/2026\/03\/017A6280.webp","contentUrl":"https:\/\/www.richters.ge\/wp-content\/uploads\/2026\/03\/017A6280.webp","width":2301,"height":941,"caption":"Richters Clinic Team Tbilisi Dentists"},{"@type":"WebSite","@id":"https:\/\/www.richters.ge\/fr\/#website","url":"https:\/\/www.richters.ge\/fr\/","name":"Richters Clinic","description":"Art of Aesthetics","publisher":{"@id":"https:\/\/www.richters.ge\/fr\/#organization"},"potentialAction":[{"@type":"SearchAction","target":{"@type":"EntryPoint","urlTemplate":"https:\/\/www.richters.ge\/fr\/?s={search_term_string}"},"query-input":{"@type":"PropertyValueSpecification","valueRequired":true,"valueName":"search_term_string"}}],"inLanguage":"fr-FR"},{"@type":"Organization","@id":"https:\/\/www.richters.ge\/fr\/#organization","name":"Richters Clinic","url":"https:\/\/www.richters.ge\/fr\/","logo":{"@type":"ImageObject","inLanguage":"fr-FR","@id":"https:\/\/www.richters.ge\/fr\/#\/schema\/logo\/image\/","url":"https:\/\/www.richters.ge\/wp-content\/uploads\/2023\/04\/logo1-e1741170833588.png","contentUrl":"https:\/\/www.richters.ge\/wp-content\/uploads\/2023\/04\/logo1-e1741170833588.png","width":2807,"height":753,"caption":"Richters Clinic"},"image":{"@id":"https:\/\/www.richters.ge\/fr\/#\/schema\/logo\/image\/"}}]}},"_links":{"self":[{"href":"https:\/\/www.richters.ge\/fr\/wp-json\/wp\/v2\/pages\/3930","targetHints":{"allow":["GET"]}}],"collection":[{"href":"https:\/\/www.richters.ge\/fr\/wp-json\/wp\/v2\/pages"}],"about":[{"href":"https:\/\/www.richters.ge\/fr\/wp-json\/wp\/v2\/types\/page"}],"author":[{"embeddable":true,"href":"https:\/\/www.richters.ge\/fr\/wp-json\/wp\/v2\/users\/1"}],"replies":[{"embeddable":true,"href":"https:\/\/www.richters.ge\/fr\/wp-json\/wp\/v2\/comments?post=3930"}],"version-history":[{"count":0,"href":"https:\/\/www.richters.ge\/fr\/wp-json\/wp\/v2\/pages\/3930\/revisions"}],"wp:featuredmedia":[{"embeddable":true,"href":"https:\/\/www.richters.ge\/fr\/wp-json\/wp\/v2\/media\/9178"}],"wp:attachment":[{"href":"https:\/\/www.richters.ge\/fr\/wp-json\/wp\/v2\/media?parent=3930"}],"curies":[{"name":"wp","href":"https:\/\/api.w.org\/{rel}","templated":true}]}}