{"id":4941,"date":"2024-04-03T16:48:00","date_gmt":"2024-04-03T12:48:00","guid":{"rendered":"https:\/\/www.richters.ge\/3d-tour-richters-clinic\/"},"modified":"2025-01-31T01:51:13","modified_gmt":"2025-01-30T21:51:13","slug":"3d-tour-richters-clinic","status":"publish","type":"page","link":"https:\/\/www.richters.ge\/de\/3d-tour-richters-clinic\/","title":{"rendered":"3D Tour"},"content":{"rendered":"<p><iframe loading=\"lazy\" src=\"https:\/\/my.matterport.com\/show\/?m=WHEz4F4FWJL\" width=\"100%\" height=\"480\" frameborder=\"0\" allowfullscreen=\"allowfullscreen\"><\/iframe><\/p>\n<p><span style=\"color: #000000;\">Erkunden Sie die Richter Clinic mit einer 3D-Tour! Machen Sie einen virtuellen Spaziergang durch unsere <span style=\"color: #0000ff;\"><a style=\"color: #0000ff;\" href=\"https:\/\/www.richters.ge\/de\/\"><strong>Zahnklinik in Tiflis<\/strong><\/a><\/span> und entdecken Sie jedes Detail &#8211; von unseren Behandlungsr\u00e4umen bis zu unserem voll ausgestatteten Sterilisationsbereich. Erleben Sie die saubere, moderne und einladende Umgebung, die bei jedem Schritt f\u00fcr Ihren Komfort sorgt. \u00dcberzeugen Sie sich selbst davon, warum Patienten der Richter Clinic f\u00fcr erstklassige zahnmedizinische Versorgung vertrauen! <\/span><\/p>\n<p>&nbsp;<\/p>\n","protected":false},"excerpt":{"rendered":"<p>Erkunden Sie die Richter Clinic mit einer 3D-Tour! Machen Sie einen virtuellen Spaziergang durch unsere Zahnklinik in Tiflis und entdecken Sie jedes Detail &#8211; von unseren Behandlungsr\u00e4umen bis zu unserem voll ausgestatteten Sterilisationsbereich. Erleben Sie die saubere, moderne und einladende Umgebung, die bei jedem Schritt f\u00fcr Ihren Komfort sorgt. \u00dcberzeugen Sie sich selbst davon, warum&hellip; <a class=\"more-link\" href=\"https:\/\/www.richters.ge\/de\/3d-tour-richters-clinic\/\">Continue reading <span class=\"screen-reader-text\">3D Tour<\/span><\/a><\/p>\n","protected":false},"author":1,"featured_media":0,"parent":0,"menu_order":0,"comment_status":"closed","ping_status":"closed","template":"","meta":{"iawp_total_views":29,"footnotes":""},"class_list":["post-4941","page","type-page","status-publish","hentry","entry"],"acf":[],"yoast_head":"<!-- This site is optimized with the Yoast SEO plugin v27.4 - https:\/\/yoast.com\/product\/yoast-seo-wordpress\/ -->\n<title>3D-Tour durch die Zahnklinik Tiflis - Richters Klinik<\/title>\n<meta name=\"description\" content=\"Erkunden Sie eine Zahnklinik in Tiflis mit einer 3D-Tour. Entdecken Sie moderne Einrichtungen und fortschrittliche Behandlungen bequem von zu Hause aus.\" \/>\n<meta name=\"robots\" content=\"index, follow, max-snippet:-1, max-image-preview:large, max-video-preview:-1\" \/>\n<link rel=\"canonical\" href=\"https:\/\/www.richters.ge\/de\/3d-tour-richters-clinic\/\" \/>\n<meta property=\"og:locale\" content=\"de_DE\" \/>\n<meta property=\"og:type\" content=\"article\" \/>\n<meta property=\"og:title\" content=\"3D-Tour durch die Zahnklinik Tiflis - Richters Klinik\" \/>\n<meta property=\"og:description\" content=\"Erkunden Sie eine Zahnklinik in Tiflis mit einer 3D-Tour. Entdecken Sie moderne Einrichtungen und fortschrittliche Behandlungen bequem von zu Hause aus.\" \/>\n<meta property=\"og:url\" content=\"https:\/\/www.richters.ge\/de\/3d-tour-richters-clinic\/\" \/>\n<meta property=\"og:site_name\" content=\"Richters Clinic\" \/>\n<meta property=\"article:modified_time\" content=\"2025-01-30T21:51:13+00:00\" \/>\n<meta name=\"twitter:card\" content=\"summary_large_image\" \/>\n<meta name=\"twitter:label1\" content=\"Gesch\u00e4tzte Lesezeit\" \/>\n\t<meta name=\"twitter:data1\" content=\"1\u00a0Minute\" \/>\n<script type=\"application\/ld+json\" class=\"yoast-schema-graph\">{\"@context\":\"https:\\\/\\\/schema.org\",\"@graph\":[{\"@type\":\"WebPage\",\"@id\":\"https:\\\/\\\/www.richters.ge\\\/de\\\/3d-tour-richters-clinic\\\/\",\"url\":\"https:\\\/\\\/www.richters.ge\\\/de\\\/3d-tour-richters-clinic\\\/\",\"name\":\"3D-Tour durch die Zahnklinik Tiflis - Richters Klinik\",\"isPartOf\":{\"@id\":\"https:\\\/\\\/www.richters.ge\\\/de\\\/#website\"},\"datePublished\":\"2024-04-03T12:48:00+00:00\",\"dateModified\":\"2025-01-30T21:51:13+00:00\",\"description\":\"Erkunden Sie eine Zahnklinik in Tiflis mit einer 3D-Tour. Entdecken Sie moderne Einrichtungen und fortschrittliche Behandlungen bequem von zu Hause aus.\",\"inLanguage\":\"de\",\"potentialAction\":[{\"@type\":\"ReadAction\",\"target\":[\"https:\\\/\\\/www.richters.ge\\\/de\\\/3d-tour-richters-clinic\\\/\"]}]},{\"@type\":\"WebSite\",\"@id\":\"https:\\\/\\\/www.richters.ge\\\/de\\\/#website\",\"url\":\"https:\\\/\\\/www.richters.ge\\\/de\\\/\",\"name\":\"Richters Clinic\",\"description\":\"Art of Aesthetics\",\"publisher\":{\"@id\":\"https:\\\/\\\/www.richters.ge\\\/de\\\/#organization\"},\"potentialAction\":[{\"@type\":\"SearchAction\",\"target\":{\"@type\":\"EntryPoint\",\"urlTemplate\":\"https:\\\/\\\/www.richters.ge\\\/de\\\/?s={search_term_string}\"},\"query-input\":{\"@type\":\"PropertyValueSpecification\",\"valueRequired\":true,\"valueName\":\"search_term_string\"}}],\"inLanguage\":\"de\"},{\"@type\":\"Organization\",\"@id\":\"https:\\\/\\\/www.richters.ge\\\/de\\\/#organization\",\"name\":\"Richters Clinic\",\"url\":\"https:\\\/\\\/www.richters.ge\\\/de\\\/\",\"logo\":{\"@type\":\"ImageObject\",\"inLanguage\":\"de\",\"@id\":\"https:\\\/\\\/www.richters.ge\\\/de\\\/#\\\/schema\\\/logo\\\/image\\\/\",\"url\":\"https:\\\/\\\/www.richters.ge\\\/wp-content\\\/uploads\\\/2023\\\/04\\\/logo1-e1741170833588.png\",\"contentUrl\":\"https:\\\/\\\/www.richters.ge\\\/wp-content\\\/uploads\\\/2023\\\/04\\\/logo1-e1741170833588.png\",\"width\":2807,\"height\":753,\"caption\":\"Richters Clinic\"},\"image\":{\"@id\":\"https:\\\/\\\/www.richters.ge\\\/de\\\/#\\\/schema\\\/logo\\\/image\\\/\"}}]}<\/script>\n<!-- \/ Yoast SEO plugin. -->","yoast_head_json":{"title":"3D-Tour durch die Zahnklinik Tiflis - Richters Klinik","description":"Erkunden Sie eine Zahnklinik in Tiflis mit einer 3D-Tour. Entdecken Sie moderne Einrichtungen und fortschrittliche Behandlungen bequem von zu Hause aus.","robots":{"index":"index","follow":"follow","max-snippet":"max-snippet:-1","max-image-preview":"max-image-preview:large","max-video-preview":"max-video-preview:-1"},"canonical":"https:\/\/www.richters.ge\/de\/3d-tour-richters-clinic\/","og_locale":"de_DE","og_type":"article","og_title":"3D-Tour durch die Zahnklinik Tiflis - Richters Klinik","og_description":"Erkunden Sie eine Zahnklinik in Tiflis mit einer 3D-Tour. Entdecken Sie moderne Einrichtungen und fortschrittliche Behandlungen bequem von zu Hause aus.","og_url":"https:\/\/www.richters.ge\/de\/3d-tour-richters-clinic\/","og_site_name":"Richters Clinic","article_modified_time":"2025-01-30T21:51:13+00:00","twitter_card":"summary_large_image","twitter_misc":{"Gesch\u00e4tzte Lesezeit":"1\u00a0Minute"},"schema":{"@context":"https:\/\/schema.org","@graph":[{"@type":"WebPage","@id":"https:\/\/www.richters.ge\/de\/3d-tour-richters-clinic\/","url":"https:\/\/www.richters.ge\/de\/3d-tour-richters-clinic\/","name":"3D-Tour durch die Zahnklinik Tiflis - Richters Klinik","isPartOf":{"@id":"https:\/\/www.richters.ge\/de\/#website"},"datePublished":"2024-04-03T12:48:00+00:00","dateModified":"2025-01-30T21:51:13+00:00","description":"Erkunden Sie eine Zahnklinik in Tiflis mit einer 3D-Tour. Entdecken Sie moderne Einrichtungen und fortschrittliche Behandlungen bequem von zu Hause aus.","inLanguage":"de","potentialAction":[{"@type":"ReadAction","target":["https:\/\/www.richters.ge\/de\/3d-tour-richters-clinic\/"]}]},{"@type":"WebSite","@id":"https:\/\/www.richters.ge\/de\/#website","url":"https:\/\/www.richters.ge\/de\/","name":"Richters Clinic","description":"Art of Aesthetics","publisher":{"@id":"https:\/\/www.richters.ge\/de\/#organization"},"potentialAction":[{"@type":"SearchAction","target":{"@type":"EntryPoint","urlTemplate":"https:\/\/www.richters.ge\/de\/?s={search_term_string}"},"query-input":{"@type":"PropertyValueSpecification","valueRequired":true,"valueName":"search_term_string"}}],"inLanguage":"de"},{"@type":"Organization","@id":"https:\/\/www.richters.ge\/de\/#organization","name":"Richters Clinic","url":"https:\/\/www.richters.ge\/de\/","logo":{"@type":"ImageObject","inLanguage":"de","@id":"https:\/\/www.richters.ge\/de\/#\/schema\/logo\/image\/","url":"https:\/\/www.richters.ge\/wp-content\/uploads\/2023\/04\/logo1-e1741170833588.png","contentUrl":"https:\/\/www.richters.ge\/wp-content\/uploads\/2023\/04\/logo1-e1741170833588.png","width":2807,"height":753,"caption":"Richters Clinic"},"image":{"@id":"https:\/\/www.richters.ge\/de\/#\/schema\/logo\/image\/"}}]}},"_links":{"self":[{"href":"https:\/\/www.richters.ge\/de\/wp-json\/wp\/v2\/pages\/4941","targetHints":{"allow":["GET"]}}],"collection":[{"href":"https:\/\/www.richters.ge\/de\/wp-json\/wp\/v2\/pages"}],"about":[{"href":"https:\/\/www.richters.ge\/de\/wp-json\/wp\/v2\/types\/page"}],"author":[{"embeddable":true,"href":"https:\/\/www.richters.ge\/de\/wp-json\/wp\/v2\/users\/1"}],"replies":[{"embeddable":true,"href":"https:\/\/www.richters.ge\/de\/wp-json\/wp\/v2\/comments?post=4941"}],"version-history":[{"count":0,"href":"https:\/\/www.richters.ge\/de\/wp-json\/wp\/v2\/pages\/4941\/revisions"}],"wp:attachment":[{"href":"https:\/\/www.richters.ge\/de\/wp-json\/wp\/v2\/media?parent=4941"}],"curies":[{"name":"wp","href":"https:\/\/api.w.org\/{rel}","templated":true}]}}