{"id":4194,"date":"2023-04-04T10:19:32","date_gmt":"2023-04-04T06:19:32","guid":{"rendered":"https:\/\/www.richters.ge\/startseite\/"},"modified":"2025-02-02T23:26:50","modified_gmt":"2025-02-02T19:26:50","slug":"startseite","status":"publish","type":"page","link":"https:\/\/www.richters.ge\/de\/","title":{"rendered":"Startseite"},"content":{"rendered":"","protected":false},"excerpt":{"rendered":"","protected":false},"author":1,"featured_media":9288,"parent":0,"menu_order":0,"comment_status":"closed","ping_status":"closed","template":"","meta":{"iawp_total_views":423,"footnotes":""},"class_list":["post-4194","page","type-page","status-publish","has-post-thumbnail","hentry","entry"],"acf":[],"yoast_head":"<!-- This site is optimized with the Yoast SEO plugin v27.5 - https:\/\/yoast.com\/product\/yoast-seo-wordpress\/ -->\n<title>Zahnklinik Tiflis | Zahnmedizinische &amp; \u00e4sthetische Dienstleistungen<\/title>\n<meta name=\"description\" content=\"Die Zahnklinik Richter in Tiflis vereint Mundgesundheit und \u00c4sthetik f\u00fcr erstklassige, moderne Zahnmedizin.\" \/>\n<meta name=\"robots\" content=\"index, follow, max-snippet:-1, max-image-preview:large, max-video-preview:-1\" \/>\n<link rel=\"canonical\" href=\"https:\/\/www.richters.ge\/de\/\" \/>\n<meta property=\"og:locale\" content=\"de_DE\" \/>\n<meta property=\"og:type\" content=\"article\" \/>\n<meta property=\"og:title\" content=\"Zahnklinik Tiflis | Zahnmedizinische &amp; \u00e4sthetische Dienstleistungen\" \/>\n<meta property=\"og:description\" content=\"Die Zahnklinik Richter in Tiflis vereint Mundgesundheit und \u00c4sthetik f\u00fcr erstklassige, moderne Zahnmedizin.\" \/>\n<meta property=\"og:url\" content=\"https:\/\/www.richters.ge\/de\/\" \/>\n<meta property=\"og:site_name\" content=\"Richters Clinic\" \/>\n<meta property=\"article:modified_time\" content=\"2025-02-02T19:26:50+00:00\" \/>\n<meta property=\"og:image\" content=\"https:\/\/www.richters.ge\/wp-content\/uploads\/2024\/12\/dental-clinic-tbilisi-scaled.jpg\" \/>\n\t<meta property=\"og:image:width\" content=\"2560\" \/>\n\t<meta property=\"og:image:height\" content=\"1440\" \/>\n\t<meta property=\"og:image:type\" content=\"image\/jpeg\" \/>\n<meta name=\"twitter:card\" content=\"summary_large_image\" \/>\n<meta name=\"twitter:label1\" content=\"Gesch\u00e4tzte Lesezeit\" \/>\n\t<meta name=\"twitter:data1\" content=\"1\u00a0Minute\" \/>\n<script type=\"application\/ld+json\" class=\"yoast-schema-graph\">{\"@context\":\"https:\\\/\\\/schema.org\",\"@graph\":[{\"@type\":\"WebPage\",\"@id\":\"https:\\\/\\\/www.richters.ge\\\/de\\\/\",\"url\":\"https:\\\/\\\/www.richters.ge\\\/de\\\/\",\"name\":\"Zahnklinik Tiflis | Zahnmedizinische & \u00e4sthetische Dienstleistungen\",\"isPartOf\":{\"@id\":\"https:\\\/\\\/www.richters.ge\\\/de\\\/#website\"},\"primaryImageOfPage\":{\"@id\":\"https:\\\/\\\/www.richters.ge\\\/de\\\/#primaryimage\"},\"image\":{\"@id\":\"https:\\\/\\\/www.richters.ge\\\/de\\\/#primaryimage\"},\"thumbnailUrl\":\"https:\\\/\\\/www.richters.ge\\\/wp-content\\\/uploads\\\/2026\\\/03\\\/team-1-e1773208475814.webp\",\"datePublished\":\"2023-04-04T06:19:32+00:00\",\"dateModified\":\"2025-02-02T19:26:50+00:00\",\"description\":\"Die Zahnklinik Richter in Tiflis vereint Mundgesundheit und \u00c4sthetik f\u00fcr erstklassige, moderne Zahnmedizin.\",\"inLanguage\":\"de\",\"potentialAction\":[{\"@type\":\"ReadAction\",\"target\":[\"https:\\\/\\\/www.richters.ge\\\/de\\\/\"]}]},{\"@type\":\"ImageObject\",\"inLanguage\":\"de\",\"@id\":\"https:\\\/\\\/www.richters.ge\\\/de\\\/#primaryimage\",\"url\":\"https:\\\/\\\/www.richters.ge\\\/wp-content\\\/uploads\\\/2026\\\/03\\\/team-1-e1773208475814.webp\",\"contentUrl\":\"https:\\\/\\\/www.richters.ge\\\/wp-content\\\/uploads\\\/2026\\\/03\\\/team-1-e1773208475814.webp\",\"width\":1596,\"height\":1000,\"caption\":\"Richter' Clinic Team\"},{\"@type\":\"WebSite\",\"@id\":\"https:\\\/\\\/www.richters.ge\\\/de\\\/#website\",\"url\":\"https:\\\/\\\/www.richters.ge\\\/de\\\/\",\"name\":\"Richters Clinic\",\"description\":\"Art of Aesthetics\",\"publisher\":{\"@id\":\"https:\\\/\\\/www.richters.ge\\\/de\\\/#organization\"},\"potentialAction\":[{\"@type\":\"SearchAction\",\"target\":{\"@type\":\"EntryPoint\",\"urlTemplate\":\"https:\\\/\\\/www.richters.ge\\\/de\\\/?s={search_term_string}\"},\"query-input\":{\"@type\":\"PropertyValueSpecification\",\"valueRequired\":true,\"valueName\":\"search_term_string\"}}],\"inLanguage\":\"de\"},{\"@type\":\"Organization\",\"@id\":\"https:\\\/\\\/www.richters.ge\\\/de\\\/#organization\",\"name\":\"Richters Clinic\",\"url\":\"https:\\\/\\\/www.richters.ge\\\/de\\\/\",\"logo\":{\"@type\":\"ImageObject\",\"inLanguage\":\"de\",\"@id\":\"https:\\\/\\\/www.richters.ge\\\/de\\\/#\\\/schema\\\/logo\\\/image\\\/\",\"url\":\"https:\\\/\\\/www.richters.ge\\\/wp-content\\\/uploads\\\/2023\\\/04\\\/logo1-e1741170833588.png\",\"contentUrl\":\"https:\\\/\\\/www.richters.ge\\\/wp-content\\\/uploads\\\/2023\\\/04\\\/logo1-e1741170833588.png\",\"width\":2807,\"height\":753,\"caption\":\"Richters Clinic\"},\"image\":{\"@id\":\"https:\\\/\\\/www.richters.ge\\\/de\\\/#\\\/schema\\\/logo\\\/image\\\/\"}}]}<\/script>\n<!-- \/ Yoast SEO plugin. -->","yoast_head_json":{"title":"Zahnklinik Tiflis | Zahnmedizinische & \u00e4sthetische Dienstleistungen","description":"Die Zahnklinik Richter in Tiflis vereint Mundgesundheit und \u00c4sthetik f\u00fcr erstklassige, moderne Zahnmedizin.","robots":{"index":"index","follow":"follow","max-snippet":"max-snippet:-1","max-image-preview":"max-image-preview:large","max-video-preview":"max-video-preview:-1"},"canonical":"https:\/\/www.richters.ge\/de\/","og_locale":"de_DE","og_type":"article","og_title":"Zahnklinik Tiflis | Zahnmedizinische & \u00e4sthetische Dienstleistungen","og_description":"Die Zahnklinik Richter in Tiflis vereint Mundgesundheit und \u00c4sthetik f\u00fcr erstklassige, moderne Zahnmedizin.","og_url":"https:\/\/www.richters.ge\/de\/","og_site_name":"Richters Clinic","article_modified_time":"2025-02-02T19:26:50+00:00","og_image":[{"width":2560,"height":1440,"url":"https:\/\/www.richters.ge\/wp-content\/uploads\/2024\/12\/dental-clinic-tbilisi-scaled.jpg","type":"image\/jpeg"}],"twitter_card":"summary_large_image","twitter_misc":{"Gesch\u00e4tzte Lesezeit":"1\u00a0Minute"},"schema":{"@context":"https:\/\/schema.org","@graph":[{"@type":"WebPage","@id":"https:\/\/www.richters.ge\/de\/","url":"https:\/\/www.richters.ge\/de\/","name":"Zahnklinik Tiflis | Zahnmedizinische & \u00e4sthetische Dienstleistungen","isPartOf":{"@id":"https:\/\/www.richters.ge\/de\/#website"},"primaryImageOfPage":{"@id":"https:\/\/www.richters.ge\/de\/#primaryimage"},"image":{"@id":"https:\/\/www.richters.ge\/de\/#primaryimage"},"thumbnailUrl":"https:\/\/www.richters.ge\/wp-content\/uploads\/2026\/03\/team-1-e1773208475814.webp","datePublished":"2023-04-04T06:19:32+00:00","dateModified":"2025-02-02T19:26:50+00:00","description":"Die Zahnklinik Richter in Tiflis vereint Mundgesundheit und \u00c4sthetik f\u00fcr erstklassige, moderne Zahnmedizin.","inLanguage":"de","potentialAction":[{"@type":"ReadAction","target":["https:\/\/www.richters.ge\/de\/"]}]},{"@type":"ImageObject","inLanguage":"de","@id":"https:\/\/www.richters.ge\/de\/#primaryimage","url":"https:\/\/www.richters.ge\/wp-content\/uploads\/2026\/03\/team-1-e1773208475814.webp","contentUrl":"https:\/\/www.richters.ge\/wp-content\/uploads\/2026\/03\/team-1-e1773208475814.webp","width":1596,"height":1000,"caption":"Richter' Clinic Team"},{"@type":"WebSite","@id":"https:\/\/www.richters.ge\/de\/#website","url":"https:\/\/www.richters.ge\/de\/","name":"Richters Clinic","description":"Art of Aesthetics","publisher":{"@id":"https:\/\/www.richters.ge\/de\/#organization"},"potentialAction":[{"@type":"SearchAction","target":{"@type":"EntryPoint","urlTemplate":"https:\/\/www.richters.ge\/de\/?s={search_term_string}"},"query-input":{"@type":"PropertyValueSpecification","valueRequired":true,"valueName":"search_term_string"}}],"inLanguage":"de"},{"@type":"Organization","@id":"https:\/\/www.richters.ge\/de\/#organization","name":"Richters Clinic","url":"https:\/\/www.richters.ge\/de\/","logo":{"@type":"ImageObject","inLanguage":"de","@id":"https:\/\/www.richters.ge\/de\/#\/schema\/logo\/image\/","url":"https:\/\/www.richters.ge\/wp-content\/uploads\/2023\/04\/logo1-e1741170833588.png","contentUrl":"https:\/\/www.richters.ge\/wp-content\/uploads\/2023\/04\/logo1-e1741170833588.png","width":2807,"height":753,"caption":"Richters Clinic"},"image":{"@id":"https:\/\/www.richters.ge\/de\/#\/schema\/logo\/image\/"}}]}},"_links":{"self":[{"href":"https:\/\/www.richters.ge\/de\/wp-json\/wp\/v2\/pages\/4194","targetHints":{"allow":["GET"]}}],"collection":[{"href":"https:\/\/www.richters.ge\/de\/wp-json\/wp\/v2\/pages"}],"about":[{"href":"https:\/\/www.richters.ge\/de\/wp-json\/wp\/v2\/types\/page"}],"author":[{"embeddable":true,"href":"https:\/\/www.richters.ge\/de\/wp-json\/wp\/v2\/users\/1"}],"replies":[{"embeddable":true,"href":"https:\/\/www.richters.ge\/de\/wp-json\/wp\/v2\/comments?post=4194"}],"version-history":[{"count":0,"href":"https:\/\/www.richters.ge\/de\/wp-json\/wp\/v2\/pages\/4194\/revisions"}],"wp:featuredmedia":[{"embeddable":true,"href":"https:\/\/www.richters.ge\/de\/wp-json\/wp\/v2\/media\/9288"}],"wp:attachment":[{"href":"https:\/\/www.richters.ge\/de\/wp-json\/wp\/v2\/media?parent=4194"}],"curies":[{"name":"wp","href":"https:\/\/api.w.org\/{rel}","templated":true}]}}