{"id":3931,"date":"2023-04-04T10:43:20","date_gmt":"2023-04-04T06:43:20","guid":{"rendered":"https:\/\/www.richters.ge\/bewertungen\/"},"modified":"2025-02-02T23:33:21","modified_gmt":"2025-02-02T19:33:21","slug":"bewertungen","status":"publish","type":"page","link":"https:\/\/www.richters.ge\/de\/bewertungen\/","title":{"rendered":"Bewertungen"},"content":{"rendered":"<div class=\"wp-gr rpi wpac\" data-id=\"2724\" data-layout=\"grid\" data-exec=\"false\" data-options='{&quot;text_size&quot;:&quot;&quot;,&quot;trans&quot;:{&quot;read more&quot;:&quot;mehr&quot;}}'><svg xmlns=\"http:\/\/www.w3.org\/2000\/svg\" style=\"display:none!important\"><symbol id=\"grw-tripadvisor\" viewBox=\"0 0 713.496 713.496\"><g><circle fill=\"#34E0A1\" cx=\"356.749\" cy=\"356.748\" r=\"356.748\"\/><path d=\"M577.095,287.152l43.049-46.836h-95.465c-47.792-32.646-105.51-51.659-167.931-51.659   c-62.342,0-119.899,19.054-167.612,51.659H93.432l43.049,46.836c-26.387,24.075-42.929,58.754-42.929,97.259   c0,72.665,58.914,131.578,131.579,131.578c34.519,0,65.968-13.313,89.446-35.077l42.172,45.919l42.172-45.879   c23.478,21.764,54.887,35.037,89.406,35.037c72.665,0,131.658-58.913,131.658-131.578   C620.024,345.866,603.483,311.188,577.095,287.152z M225.17,473.458c-49.188,0-89.047-39.859-89.047-89.047   s39.86-89.048,89.047-89.048c49.187,0,89.047,39.86,89.047,89.048S274.357,473.458,225.17,473.458z M356.788,381.82   c0-58.595-42.61-108.898-98.853-130.383c30.413-12.716,63.776-19.771,98.813-19.771s68.439,7.055,98.853,19.771   C399.399,272.962,356.788,323.226,356.788,381.82z M488.367,473.458c-49.188,0-89.048-39.859-89.048-89.047   s39.86-89.048,89.048-89.048s89.047,39.86,89.047,89.048S537.554,473.458,488.367,473.458z M488.367,337.694   c-25.79,0-46.677,20.887-46.677,46.677c0,25.789,20.887,46.676,46.677,46.676c25.789,0,46.676-20.887,46.676-46.676   C535.042,358.621,514.156,337.694,488.367,337.694z M271.846,384.411c0,25.789-20.887,46.676-46.676,46.676   s-46.676-20.887-46.676-46.676c0-25.79,20.887-46.677,46.676-46.677C250.959,337.694,271.846,358.621,271.846,384.411z\"\/><\/g><\/symbol><symbol id=\"grw-google\" viewBox=\"0 0 512 512\"><g fill=\"none\" fill-rule=\"evenodd\"><path d=\"M482.56 261.36c0-16.73-1.5-32.83-4.29-48.27H256v91.29h127.01c-5.47 29.5-22.1 54.49-47.09 71.23v59.21h76.27c44.63-41.09 70.37-101.59 70.37-173.46z\" fill=\"#4285f4\"\/><path d=\"M256 492c63.72 0 117.14-21.13 156.19-57.18l-76.27-59.21c-21.13 14.16-48.17 22.53-79.92 22.53-61.47 0-113.49-41.51-132.05-97.3H45.1v61.15c38.83 77.13 118.64 130.01 210.9 130.01z\" fill=\"#34a853\"\/><path d=\"M123.95 300.84c-4.72-14.16-7.4-29.29-7.4-44.84s2.68-30.68 7.4-44.84V150.01H45.1C29.12 181.87 20 217.92 20 256c0 38.08 9.12 74.13 25.1 105.99l78.85-61.15z\" fill=\"#fbbc05\"\/><path d=\"M256 113.86c34.65 0 65.76 11.91 90.22 35.29l67.69-67.69C373.03 43.39 319.61 20 256 20c-92.25 0-172.07 52.89-210.9 130.01l78.85 61.15c18.56-55.78 70.59-97.3 132.05-97.3z\" fill=\"#ea4335\"\/><path d=\"M20 20h472v472H20V20z\"\/><\/g><\/symbol><\/svg><div class=\"grw-row grw-row-m\" data-options='{\"breakpoints\":\"\"}'><div class=\"grw-content\"><div class=\"grw-content-inner\"><div class=\"grw-reviews\"><div class=\"rpi-slide grw-review\"><div class=\"rpi-flx rpi-col12 grw-review-inner grw-backgnd\"><div class=\"rpi-flx rpi-row12-center\"><div class=\"grw-img-wrap\"><img decoding=\"async\" class=\"grw-img\" src=\"https:\/\/www.richters.ge\/wp-content\/uploads\/2026\/04\/ChIJ3Uc89QNtREARGNoqMURgBAM_9fb38bb7d76524933537178732e555d6.jpg\" loading=\"lazy\" alt=\"Profilbild von \u201eYuliya Stepanenko\u201c\" width=\"50\" height=\"50\" onerror=\"if(this.src!='https:\/\/www.richters.ge\/wp-content\/plugins\/widget-google-reviews\/assets\/img\/guest.png')this.src='https:\/\/www.richters.ge\/wp-content\/plugins\/widget-google-reviews\/assets\/img\/guest.png';\" ><\/div><div class=\"rpi-flx rpi-col6\"><a href=\"https:\/\/www.google.com\/maps\/contrib\/116996974382255758739\/reviews\" class=\"wp-google-name\" target=\"_blank\" rel=\"nofollow noopener\">Yuliya Stepanenko<\/a><div class=\"wp-google-time\" data-time=\"1771573894\">07:51 20 Feb 26<\/div><\/div><\/div><span class=\"rpi-stars\" style=\"--rating:5\"><\/span><div class=\"rpi-flx rpi-col4\"><div class=\"wp-google-feedback grw-scroll\" ><span class=\"wp-google-text\">I had a great experience getting my cavity treated at this dental clinic. The staff was friendly and professional, and the dentist explained every step of the procedure clearly. The treatment was quick, painless, and very comfortable. The clinic is clean and modern, and I felt well taken care of from start to finish.<br \/>Special thanks to the dentist Nana Bigvava and assistant Nana Nozadze for their excellent care and professionalism. Highly recommend for anyone needing quality dental care!<\/span><\/div><\/div><svg height=\"16\" width=\"16\" role=\"none\"><use href=\"#grw-google\"\/><\/svg><\/div><\/div><div class=\"rpi-slide grw-review\"><div class=\"rpi-flx rpi-col12 grw-review-inner grw-backgnd\"><div class=\"rpi-flx rpi-row12-center\"><div class=\"grw-img-wrap\"><img decoding=\"async\" class=\"grw-img\" src=\"https:\/\/www.richters.ge\/wp-content\/uploads\/2026\/02\/ChIJ3Uc89QNtREARGNoqMURgBAM_28b70273365c7ec7ed0003baa5b4e37a.jpg\" loading=\"lazy\" alt=\"Profilbild von \u201eVakho mghvdeladze\u201c\" width=\"50\" height=\"50\" onerror=\"if(this.src!='https:\/\/www.richters.ge\/wp-content\/plugins\/widget-google-reviews\/assets\/img\/guest.png')this.src='https:\/\/www.richters.ge\/wp-content\/plugins\/widget-google-reviews\/assets\/img\/guest.png';\" ><\/div><div class=\"rpi-flx rpi-col6\"><a href=\"https:\/\/www.google.com\/maps\/contrib\/104777616849492673685\/reviews\" class=\"wp-google-name\" target=\"_blank\" rel=\"nofollow noopener\">Vakho mghvdeladze<\/a><div class=\"wp-google-time\" data-time=\"1770835978\">18:52 11 Feb 26<\/div><\/div><\/div><span class=\"rpi-stars\" style=\"--rating:5\"><\/span><div class=\"rpi-flx rpi-col4\"><div class=\"wp-google-feedback grw-scroll\" ><span class=\"wp-google-text\">Great experience overall. The staff was friendly and efficient, and everything ran smoothly from start to finish. The clinic felt clean and well organized, and the dentist took time to explain things clearly. I felt comfortable and well looked after, would definitely recommend.<\/span><\/div><\/div><svg height=\"16\" width=\"16\" role=\"none\"><use href=\"#grw-google\"\/><\/svg><\/div><\/div><div class=\"rpi-slide grw-review\"><div class=\"rpi-flx rpi-col12 grw-review-inner grw-backgnd\"><div class=\"rpi-flx rpi-row12-center\"><div class=\"grw-img-wrap\"><img decoding=\"async\" class=\"grw-img\" src=\"https:\/\/www.richters.ge\/wp-content\/uploads\/2026\/04\/ChIJ3Uc89QNtREARGNoqMURgBAM_01756249b13592f909d05527723119f8.jpg\" loading=\"lazy\" alt=\"Profilbild von \u201eUzma Adnan\u201c\" width=\"50\" height=\"50\" onerror=\"if(this.src!='https:\/\/www.richters.ge\/wp-content\/plugins\/widget-google-reviews\/assets\/img\/guest.png')this.src='https:\/\/www.richters.ge\/wp-content\/plugins\/widget-google-reviews\/assets\/img\/guest.png';\" ><\/div><div class=\"rpi-flx rpi-col6\"><a href=\"https:\/\/www.google.com\/maps\/contrib\/118017288439953222636\/reviews\" class=\"wp-google-name\" target=\"_blank\" rel=\"nofollow noopener\">Uzma Adnan<\/a><div class=\"wp-google-time\" data-time=\"1770633525\">10:38 09 Feb 26<\/div><\/div><\/div><span class=\"rpi-stars\" style=\"--rating:5\"><\/span><div class=\"rpi-flx rpi-col4\"><div class=\"wp-google-feedback grw-scroll\" ><span class=\"wp-google-text\">I had an appointment with Doctor - LELA NEMSADZE.  She was very informative and professional. I do not think my teeth have ever been this clean.  I would definitely recommend anyone to go to her.  Her english is really and good and her advice for aftercare for my teeth was amazing and she told me things my previous dentist has never told me.  Also the reception staff at Richter Clinic are very friendly and there english is really good.<\/span><\/div><\/div><svg height=\"16\" width=\"16\" role=\"none\"><use href=\"#grw-google\"\/><\/svg><\/div><\/div><div class=\"rpi-slide grw-review\"><div class=\"rpi-flx rpi-col12 grw-review-inner grw-backgnd\"><div class=\"rpi-flx rpi-row12-center\"><div class=\"grw-img-wrap\"><img decoding=\"async\" class=\"grw-img\" src=\"https:\/\/www.richters.ge\/wp-content\/uploads\/2026\/04\/ChIJ3Uc89QNtREARGNoqMURgBAM_1a4638dbb0f66bf8e8d9bcd5315be5d9.jpg\" loading=\"lazy\" alt=\"Profilbild von \u201eArisa Wdaeng\u201c\" width=\"50\" height=\"50\" onerror=\"if(this.src!='https:\/\/www.richters.ge\/wp-content\/plugins\/widget-google-reviews\/assets\/img\/guest.png')this.src='https:\/\/www.richters.ge\/wp-content\/plugins\/widget-google-reviews\/assets\/img\/guest.png';\" ><\/div><div class=\"rpi-flx rpi-col6\"><a href=\"https:\/\/www.google.com\/maps\/contrib\/104823735726623884409\/reviews\" class=\"wp-google-name\" target=\"_blank\" rel=\"nofollow noopener\">Arisa Wdaeng<\/a><div class=\"wp-google-time\" data-time=\"1770470265\">13:17 07 Feb 26<\/div><\/div><\/div><span class=\"rpi-stars\" style=\"--rating:5\"><\/span><div class=\"rpi-flx rpi-col4\"><div class=\"wp-google-feedback grw-scroll\" ><span class=\"wp-google-text\">Had an amazing experience here! The staff are very welcoming and the dentist Dr.Nino Petriashvili was super gentle. Highly recommended for anyone looking for a professional dental check-up.<\/span><\/div><\/div><svg height=\"16\" width=\"16\" role=\"none\"><use href=\"#grw-google\"\/><\/svg><\/div><\/div><div class=\"rpi-slide grw-review\"><div class=\"rpi-flx rpi-col12 grw-review-inner grw-backgnd\"><div class=\"rpi-flx rpi-row12-center\"><div class=\"grw-img-wrap\"><img decoding=\"async\" class=\"grw-img\" src=\"https:\/\/www.richters.ge\/wp-content\/uploads\/2026\/02\/ChIJ3Uc89QNtREARGNoqMURgBAM_7d3fd8703fb65a97fc083cf92ab9b096.jpg\" loading=\"lazy\" alt=\"Profilbild von \u201eGaurisha Gupta\u201c\" width=\"50\" height=\"50\" onerror=\"if(this.src!='https:\/\/www.richters.ge\/wp-content\/plugins\/widget-google-reviews\/assets\/img\/guest.png')this.src='https:\/\/www.richters.ge\/wp-content\/plugins\/widget-google-reviews\/assets\/img\/guest.png';\" ><\/div><div class=\"rpi-flx rpi-col6\"><a href=\"https:\/\/www.google.com\/maps\/contrib\/114534326279518502214\/reviews\" class=\"wp-google-name\" target=\"_blank\" rel=\"nofollow noopener\">Gaurisha Gupta<\/a><div class=\"wp-google-time\" data-time=\"1770454332\">08:52 07 Feb 26<\/div><\/div><\/div><span class=\"rpi-stars\" style=\"--rating:5\"><\/span><div class=\"rpi-flx rpi-col4\"><div class=\"wp-google-feedback grw-scroll\" ><span class=\"wp-google-text\">The ambience of the clinic was fabulous. We loved their hospitality. Infrastructure is too good . I met Miss Makuna. She has a hospitable nature . She made me feel very comfortable during the hours when my friend were undergoing the procedure . You should visit there at once .<br \/>Thank you .<\/span><\/div><\/div><svg height=\"16\" width=\"16\" role=\"none\"><use href=\"#grw-google\"\/><\/svg><\/div><\/div><div class=\"rpi-slide grw-review\"><div class=\"rpi-flx rpi-col12 grw-review-inner grw-backgnd\"><div class=\"rpi-flx rpi-row12-center\"><div class=\"grw-img-wrap\"><img decoding=\"async\" class=\"grw-img\" src=\"https:\/\/www.richters.ge\/wp-content\/uploads\/2026\/03\/ChIJ3Uc89QNtREARGNoqMURgBAM_4a321cefe3370a4eba98dbeb0ca2e74c.jpg\" loading=\"lazy\" alt=\"Profilbild von \u201eValeria Bakher\u201c\" width=\"50\" height=\"50\" onerror=\"if(this.src!='https:\/\/www.richters.ge\/wp-content\/plugins\/widget-google-reviews\/assets\/img\/guest.png')this.src='https:\/\/www.richters.ge\/wp-content\/plugins\/widget-google-reviews\/assets\/img\/guest.png';\" ><\/div><div class=\"rpi-flx rpi-col6\"><a href=\"https:\/\/www.google.com\/maps\/contrib\/100997210786103800997\/reviews\" class=\"wp-google-name\" target=\"_blank\" rel=\"nofollow noopener\">Valeria Bakher<\/a><div class=\"wp-google-time\" data-time=\"1770319464\">19:24 05 Feb 26<\/div><\/div><\/div><span class=\"rpi-stars\" style=\"--rating:5\"><\/span><div class=\"rpi-flx rpi-col4\"><div class=\"wp-google-feedback grw-scroll\" ><span class=\"wp-google-text\">It was a great opportunity to find this clinic!!! I\u2019ve found it on social media by ads  and tried to connect them about the orthodontics I needed, and I was the luckiest to talk to administrator Makuna, she is the sweetest souls in the clinic. She explained everything in details with patience and understanding, quick responses, welcoming tone, clearest answers, also what surprised me, she talks perfect Spanish, even if I knew from ads she talks five languages, I was surprised by her intelligence.<br \/>Her fastest correspondence with Dr Valerian who\u2019s the orthodontist amazed me!!! They immediately explained me every detail I needed to know.<br \/>Face to face consultation with them was the other level of perfect!!! Dr Valerian is such a good person and a professional I haven\u2019t met in any other countries, he speaks perfect English also and his patience while explaining the smallest details is truly impressive!!!<br \/>Thanks for the amazing service, the clinic has true stars working for them!!! I\u2019ll definitely with pleasure keep procedures with them!! &#x2764;&#xfe0f;<\/span><\/div><\/div><svg height=\"16\" width=\"16\" role=\"none\"><use href=\"#grw-google\"\/><\/svg><\/div><\/div><div class=\"rpi-slide grw-review\"><div class=\"rpi-flx rpi-col12 grw-review-inner grw-backgnd\"><div class=\"rpi-flx rpi-row12-center\"><div class=\"grw-img-wrap\"><img decoding=\"async\" class=\"grw-img\" src=\"https:\/\/lh3.googleusercontent.com\/a-\/ALV-UjUgW0zXcJhkW2p8CZAwLbg_2yC0BShVWEghQsrwNn1r3BrOqm2b=s128-c0x00000000-cc-rp-mo\" loading=\"lazy\" alt=\"Profilbild von \u201eNicole Hinchliff\u201c\" width=\"50\" height=\"50\" onerror=\"if(this.src!='https:\/\/www.richters.ge\/wp-content\/plugins\/widget-google-reviews\/assets\/img\/guest.png')this.src='https:\/\/www.richters.ge\/wp-content\/plugins\/widget-google-reviews\/assets\/img\/guest.png';\" ><\/div><div class=\"rpi-flx rpi-col6\"><a href=\"https:\/\/www.google.com\/maps\/contrib\/110275358199209276953\/reviews\" class=\"wp-google-name\" target=\"_blank\" rel=\"nofollow noopener\">Nicole Hinchliff<\/a><div class=\"wp-google-time\" data-time=\"1768309957\">13:12 13 Jan 26<\/div><\/div><\/div><span class=\"rpi-stars\" style=\"--rating:5\"><\/span><div class=\"rpi-flx rpi-col4\"><div class=\"wp-google-feedback grw-scroll\" ><span class=\"wp-google-text\">This is such a unique experience\u2014a dental clinic that is so welcoming and supportive, that it felt like going to the spa each time I visited. It\u2019s very rare to feel CALM while at the dentist! The aesthetics of the clinic are soothing, while the receptionists are so helpful and kind-hearted.<br \/><br \/>In terms of the procedures, Dr Nugzar, Dr Nana and Dr Valerian are all so skilled, friendly and competent. They gave me all the information and procedures that I needed.<br \/><br \/>Dr Nugzar restored my confidence with a crown, and now my smile feels complete yet again! This place was worth every lari. &#x2728;&#x2728;<\/span><\/div><\/div><svg height=\"16\" width=\"16\" role=\"none\"><use href=\"#grw-google\"\/><\/svg><\/div><\/div><div class=\"rpi-slide grw-review\"><div class=\"rpi-flx rpi-col12 grw-review-inner grw-backgnd\"><div class=\"rpi-flx rpi-row12-center\"><div class=\"grw-img-wrap\"><img decoding=\"async\" class=\"grw-img\" src=\"https:\/\/www.richters.ge\/wp-content\/uploads\/2026\/02\/ChIJ3Uc89QNtREARGNoqMURgBAM_d5e4d0fee619d9e0756e0ea5beab50a7.jpg\" loading=\"lazy\" alt=\"Profilbild von \u201eShawnee Tillman\u201c\" width=\"50\" height=\"50\" onerror=\"if(this.src!='https:\/\/www.richters.ge\/wp-content\/plugins\/widget-google-reviews\/assets\/img\/guest.png')this.src='https:\/\/www.richters.ge\/wp-content\/plugins\/widget-google-reviews\/assets\/img\/guest.png';\" ><\/div><div class=\"rpi-flx rpi-col6\"><a href=\"https:\/\/www.google.com\/maps\/contrib\/113337477064974190885\/reviews\" class=\"wp-google-name\" target=\"_blank\" rel=\"nofollow noopener\">Shawnee Tillman<\/a><div class=\"wp-google-time\" data-time=\"1768130724\">11:25 11 Jan 26<\/div><\/div><\/div><span class=\"rpi-stars\" style=\"--rating:5\"><\/span><div class=\"rpi-flx rpi-col4\"><div class=\"wp-google-feedback grw-scroll\" ><span class=\"wp-google-text\">I\u2019m from Australia, and my closest friend Makuna is working in Richter\u2019s clinic (Georgia) as an administrator.<br \/>All my life, I\u2019ve had overbite problems, and Makuna recommended that I visit this clinic in Georgia, which offered Dr. Valerian and said that I couldn\u2019t find better orthodontist than him in the whole world. (and she was more than right).<br \/>Above I mentioned that she\u2019s my closest friend so I knew she would recommend me the best, but the communication with dr. Valerian was beyond than best. My expectations went much more than best! The brief conversation on the phone call was perfect, he explained everything in details and he earned the respect and biggest trust from my side. I imagine how perfectly procedures will be done if I\u2019m amazed such way just by phone interaction. Definitely planning to Visit Georgia nearly in a month, to visit dr. Valerian and start treatments with him.<br \/>In conclusion, huge thanks to  Makuna and Dr Valerian. Can\u2019t wait to be there! &#x2764;&#xfe0f;<\/span><\/div><\/div><svg height=\"16\" width=\"16\" role=\"none\"><use href=\"#grw-google\"\/><\/svg><\/div><\/div><\/div><\/div><\/div><\/div><script>(function(p){if(!p)return;let w=p.offsetWidth,m=function(a,b){return Math.min(a,b)===a};p.querySelector('.grw-row').classList.replace('grw-row-m','grw-row-'+(m(w,510)?'xs':m(w,750)?'x':m(w,1100)?'s':m(w,1450)?'m':m(w,1800)?'l':'xl'))})(document.currentScript?.parentElement)<\/script><\/div>\n","protected":false},"excerpt":{"rendered":"","protected":false},"author":1,"featured_media":0,"parent":0,"menu_order":0,"comment_status":"closed","ping_status":"closed","template":"page-templates\/review.php","meta":{"iawp_total_views":42,"footnotes":""},"class_list":["post-3931","page","type-page","status-publish","hentry","entry"],"acf":[],"yoast_head":"<!-- This site is optimized with the Yoast SEO plugin v27.3 - https:\/\/yoast.com\/product\/yoast-seo-wordpress\/ -->\n<title>Bewertungen | Zahnmedizinische und \u00e4sthetische Dienstleistungen<\/title>\n<meta name=\"description\" content=\"Erfahren Sie, was unsere Kunden \u00fcber unsere zahnmedizinischen und \u00e4sthetischen Dienstleistungen in Tiflis sagen. Lesen Sie Bewertungen!\" \/>\n<meta name=\"robots\" content=\"index, follow, max-snippet:-1, max-image-preview:large, max-video-preview:-1\" \/>\n<link rel=\"canonical\" href=\"https:\/\/www.richters.ge\/de\/bewertungen\/\" \/>\n<meta property=\"og:locale\" content=\"de_DE\" \/>\n<meta property=\"og:type\" content=\"article\" \/>\n<meta property=\"og:title\" content=\"Bewertungen | Zahnmedizinische und \u00e4sthetische Dienstleistungen\" \/>\n<meta property=\"og:description\" content=\"Erfahren Sie, was unsere Kunden \u00fcber unsere zahnmedizinischen und \u00e4sthetischen Dienstleistungen in Tiflis sagen. Lesen Sie Bewertungen!\" \/>\n<meta property=\"og:url\" content=\"https:\/\/www.richters.ge\/de\/bewertungen\/\" \/>\n<meta property=\"og:site_name\" content=\"Richters Clinic\" \/>\n<meta property=\"article:modified_time\" content=\"2025-02-02T19:33:21+00:00\" \/>\n<meta name=\"twitter:card\" content=\"summary_large_image\" \/>\n<meta name=\"twitter:label1\" content=\"Gesch\u00e4tzte Lesezeit\" \/>\n\t<meta name=\"twitter:data1\" content=\"1\u00a0Minute\" \/>\n<script type=\"application\/ld+json\" class=\"yoast-schema-graph\">{\"@context\":\"https:\\\/\\\/schema.org\",\"@graph\":[{\"@type\":\"WebPage\",\"@id\":\"https:\\\/\\\/www.richters.ge\\\/de\\\/bewertungen\\\/\",\"url\":\"https:\\\/\\\/www.richters.ge\\\/de\\\/bewertungen\\\/\",\"name\":\"Bewertungen | Zahnmedizinische und \u00e4sthetische Dienstleistungen\",\"isPartOf\":{\"@id\":\"https:\\\/\\\/www.richters.ge\\\/de\\\/#website\"},\"datePublished\":\"2023-04-04T06:43:20+00:00\",\"dateModified\":\"2025-02-02T19:33:21+00:00\",\"description\":\"Erfahren Sie, was unsere Kunden \u00fcber unsere zahnmedizinischen und \u00e4sthetischen Dienstleistungen in Tiflis sagen. Lesen Sie Bewertungen!\",\"inLanguage\":\"de\",\"potentialAction\":[{\"@type\":\"ReadAction\",\"target\":[\"https:\\\/\\\/www.richters.ge\\\/de\\\/bewertungen\\\/\"]}]},{\"@type\":\"WebSite\",\"@id\":\"https:\\\/\\\/www.richters.ge\\\/de\\\/#website\",\"url\":\"https:\\\/\\\/www.richters.ge\\\/de\\\/\",\"name\":\"Richters Clinic\",\"description\":\"Art of Aesthetics\",\"publisher\":{\"@id\":\"https:\\\/\\\/www.richters.ge\\\/de\\\/#organization\"},\"potentialAction\":[{\"@type\":\"SearchAction\",\"target\":{\"@type\":\"EntryPoint\",\"urlTemplate\":\"https:\\\/\\\/www.richters.ge\\\/de\\\/?s={search_term_string}\"},\"query-input\":{\"@type\":\"PropertyValueSpecification\",\"valueRequired\":true,\"valueName\":\"search_term_string\"}}],\"inLanguage\":\"de\"},{\"@type\":\"Organization\",\"@id\":\"https:\\\/\\\/www.richters.ge\\\/de\\\/#organization\",\"name\":\"Richters Clinic\",\"url\":\"https:\\\/\\\/www.richters.ge\\\/de\\\/\",\"logo\":{\"@type\":\"ImageObject\",\"inLanguage\":\"de\",\"@id\":\"https:\\\/\\\/www.richters.ge\\\/de\\\/#\\\/schema\\\/logo\\\/image\\\/\",\"url\":\"https:\\\/\\\/www.richters.ge\\\/wp-content\\\/uploads\\\/2023\\\/04\\\/logo1-e1741170833588.png\",\"contentUrl\":\"https:\\\/\\\/www.richters.ge\\\/wp-content\\\/uploads\\\/2023\\\/04\\\/logo1-e1741170833588.png\",\"width\":2807,\"height\":753,\"caption\":\"Richters Clinic\"},\"image\":{\"@id\":\"https:\\\/\\\/www.richters.ge\\\/de\\\/#\\\/schema\\\/logo\\\/image\\\/\"}}]}<\/script>\n<!-- \/ Yoast SEO plugin. -->","yoast_head_json":{"title":"Bewertungen | Zahnmedizinische und \u00e4sthetische Dienstleistungen","description":"Erfahren Sie, was unsere Kunden \u00fcber unsere zahnmedizinischen und \u00e4sthetischen Dienstleistungen in Tiflis sagen. Lesen Sie Bewertungen!","robots":{"index":"index","follow":"follow","max-snippet":"max-snippet:-1","max-image-preview":"max-image-preview:large","max-video-preview":"max-video-preview:-1"},"canonical":"https:\/\/www.richters.ge\/de\/bewertungen\/","og_locale":"de_DE","og_type":"article","og_title":"Bewertungen | Zahnmedizinische und \u00e4sthetische Dienstleistungen","og_description":"Erfahren Sie, was unsere Kunden \u00fcber unsere zahnmedizinischen und \u00e4sthetischen Dienstleistungen in Tiflis sagen. Lesen Sie Bewertungen!","og_url":"https:\/\/www.richters.ge\/de\/bewertungen\/","og_site_name":"Richters Clinic","article_modified_time":"2025-02-02T19:33:21+00:00","twitter_card":"summary_large_image","twitter_misc":{"Gesch\u00e4tzte Lesezeit":"1\u00a0Minute"},"schema":{"@context":"https:\/\/schema.org","@graph":[{"@type":"WebPage","@id":"https:\/\/www.richters.ge\/de\/bewertungen\/","url":"https:\/\/www.richters.ge\/de\/bewertungen\/","name":"Bewertungen | Zahnmedizinische und \u00e4sthetische Dienstleistungen","isPartOf":{"@id":"https:\/\/www.richters.ge\/de\/#website"},"datePublished":"2023-04-04T06:43:20+00:00","dateModified":"2025-02-02T19:33:21+00:00","description":"Erfahren Sie, was unsere Kunden \u00fcber unsere zahnmedizinischen und \u00e4sthetischen Dienstleistungen in Tiflis sagen. Lesen Sie Bewertungen!","inLanguage":"de","potentialAction":[{"@type":"ReadAction","target":["https:\/\/www.richters.ge\/de\/bewertungen\/"]}]},{"@type":"WebSite","@id":"https:\/\/www.richters.ge\/de\/#website","url":"https:\/\/www.richters.ge\/de\/","name":"Richters Clinic","description":"Art of Aesthetics","publisher":{"@id":"https:\/\/www.richters.ge\/de\/#organization"},"potentialAction":[{"@type":"SearchAction","target":{"@type":"EntryPoint","urlTemplate":"https:\/\/www.richters.ge\/de\/?s={search_term_string}"},"query-input":{"@type":"PropertyValueSpecification","valueRequired":true,"valueName":"search_term_string"}}],"inLanguage":"de"},{"@type":"Organization","@id":"https:\/\/www.richters.ge\/de\/#organization","name":"Richters Clinic","url":"https:\/\/www.richters.ge\/de\/","logo":{"@type":"ImageObject","inLanguage":"de","@id":"https:\/\/www.richters.ge\/de\/#\/schema\/logo\/image\/","url":"https:\/\/www.richters.ge\/wp-content\/uploads\/2023\/04\/logo1-e1741170833588.png","contentUrl":"https:\/\/www.richters.ge\/wp-content\/uploads\/2023\/04\/logo1-e1741170833588.png","width":2807,"height":753,"caption":"Richters Clinic"},"image":{"@id":"https:\/\/www.richters.ge\/de\/#\/schema\/logo\/image\/"}}]}},"_links":{"self":[{"href":"https:\/\/www.richters.ge\/de\/wp-json\/wp\/v2\/pages\/3931","targetHints":{"allow":["GET"]}}],"collection":[{"href":"https:\/\/www.richters.ge\/de\/wp-json\/wp\/v2\/pages"}],"about":[{"href":"https:\/\/www.richters.ge\/de\/wp-json\/wp\/v2\/types\/page"}],"author":[{"embeddable":true,"href":"https:\/\/www.richters.ge\/de\/wp-json\/wp\/v2\/users\/1"}],"replies":[{"embeddable":true,"href":"https:\/\/www.richters.ge\/de\/wp-json\/wp\/v2\/comments?post=3931"}],"version-history":[{"count":0,"href":"https:\/\/www.richters.ge\/de\/wp-json\/wp\/v2\/pages\/3931\/revisions"}],"wp:attachment":[{"href":"https:\/\/www.richters.ge\/de\/wp-json\/wp\/v2\/media?parent=3931"}],"curies":[{"name":"wp","href":"https:\/\/api.w.org\/{rel}","templated":true}]}}