{"id":4624,"date":"2023-11-28T16:33:02","date_gmt":"2023-11-28T12:33:02","guid":{"rendered":"https:\/\/www.richters.ge\/meddet\/"},"modified":"2023-11-28T16:33:02","modified_gmt":"2023-11-28T12:33:02","slug":"meddet","status":"publish","type":"page","link":"https:\/\/www.richters.ge\/az\/meddet\/","title":{"rendered":"M\u018fDD\u018fT"},"content":{"rendered":"<p><strong>T\u018fQD\u0130M: Vebsaytda veril\u0259n m\u0259lumat yaln\u0131z t\u0259hsil m\u0259qs\u0259dl\u0259ri \u00fc\u00e7\u00fcn n\u0259z\u0259rd\u0259 tutulub v\u0259 pe\u015f\u0259kar tibbi m\u0259sl\u0259h\u0259ti \u0259v\u0259z ed\u0259 bilm\u0259z. Tibbi m\u0259sl\u0259h\u0259t, diaqnoz v\u0259 ya m\u00fcalic\u0259 \u00fc\u00e7\u00fcn bir tibb i\u015f\u00e7isi v\u0259 ya tibb i\u015f\u00e7isi il\u0259 \u0259laq\u0259 saxlama\u011f\u0131 m\u0259sl\u0259h\u0259t g\u00f6r\u00fcr\u00fck. Saytdak\u0131 m\u0259lumatlardan istifad\u0259 v\u0259 ya onunla ba\u011fl\u0131 h\u0259r hans\u0131 problem v\u0259 ya riskl\u0259r sayt sahibinin m\u0259suliyy\u0259ti deyil. Saytdan istifad\u0259 he\u00e7 bir h\u0259kim-x\u0259st\u0259 \u0259laq\u0259si yaratm\u0131r.<\/strong><\/p>\n","protected":false},"excerpt":{"rendered":"<p>T\u018fQD\u0130M: Vebsaytda veril\u0259n m\u0259lumat yaln\u0131z t\u0259hsil m\u0259qs\u0259dl\u0259ri \u00fc\u00e7\u00fcn n\u0259z\u0259rd\u0259 tutulub v\u0259 pe\u015f\u0259kar tibbi m\u0259sl\u0259h\u0259ti \u0259v\u0259z ed\u0259 bilm\u0259z. Tibbi m\u0259sl\u0259h\u0259t, diaqnoz v\u0259 ya m\u00fcalic\u0259 \u00fc\u00e7\u00fcn bir tibb i\u015f\u00e7isi v\u0259 ya tibb i\u015f\u00e7isi il\u0259 \u0259laq\u0259 saxlama\u011f\u0131 m\u0259sl\u0259h\u0259t g\u00f6r\u00fcr\u00fck. Saytdak\u0131 m\u0259lumatlardan istifad\u0259 v\u0259 ya onunla ba\u011fl\u0131 h\u0259r hans\u0131 problem v\u0259 ya riskl\u0259r sayt sahibinin m\u0259suliyy\u0259ti deyil. Saytdan istifad\u0259&hellip; <a class=\"more-link\" href=\"https:\/\/www.richters.ge\/az\/meddet\/\">Continue reading <span class=\"screen-reader-text\">M\u018fDD\u018fT<\/span><\/a><\/p>\n","protected":false},"author":1,"featured_media":0,"parent":0,"menu_order":0,"comment_status":"closed","ping_status":"closed","template":"","meta":{"iawp_total_views":0,"footnotes":""},"class_list":["post-4624","page","type-page","status-publish","hentry","entry"],"acf":[],"yoast_head":"<!-- This site is optimized with the Yoast SEO plugin v27.4 - https:\/\/yoast.com\/product\/yoast-seo-wordpress\/ -->\n<title>\u0130mtina | Tbilisid\u0259 Richters Klinikas\u0131<\/title>\n<meta name=\"description\" content=\"Veb sayt\u0131m\u0131z t\u0259hsil m\u0259zmunu t\u0259qdim edir v\u0259 pe\u015f\u0259kar tibbi m\u0259sl\u0259h\u0259ti \u0259v\u0259z etmir. F\u0259rdi t\u0259limatlar \u00fc\u00e7\u00fcn tibb i\u015f\u00e7isi il\u0259 m\u0259sl\u0259h\u0259tl\u0259\u015fin!\" \/>\n<meta name=\"robots\" content=\"index, follow, max-snippet:-1, max-image-preview:large, max-video-preview:-1\" \/>\n<link rel=\"canonical\" href=\"https:\/\/www.richters.ge\/az\/meddet\/\" \/>\n<meta property=\"og:locale\" content=\"az_AZ\" \/>\n<meta property=\"og:type\" content=\"article\" \/>\n<meta property=\"og:title\" content=\"\u0130mtina | Tbilisid\u0259 Richters Klinikas\u0131\" \/>\n<meta property=\"og:description\" content=\"Veb sayt\u0131m\u0131z t\u0259hsil m\u0259zmunu t\u0259qdim edir v\u0259 pe\u015f\u0259kar tibbi m\u0259sl\u0259h\u0259ti \u0259v\u0259z etmir. F\u0259rdi t\u0259limatlar \u00fc\u00e7\u00fcn tibb i\u015f\u00e7isi il\u0259 m\u0259sl\u0259h\u0259tl\u0259\u015fin!\" \/>\n<meta property=\"og:url\" content=\"https:\/\/www.richters.ge\/az\/meddet\/\" \/>\n<meta property=\"og:site_name\" content=\"Richters Clinic\" \/>\n<meta name=\"twitter:card\" content=\"summary_large_image\" \/>\n<script type=\"application\/ld+json\" class=\"yoast-schema-graph\">{\"@context\":\"https:\\\/\\\/schema.org\",\"@graph\":[{\"@type\":\"WebPage\",\"@id\":\"https:\\\/\\\/www.richters.ge\\\/az\\\/meddet\\\/\",\"url\":\"https:\\\/\\\/www.richters.ge\\\/az\\\/meddet\\\/\",\"name\":\"\u0130mtina | Tbilisid\u0259 Richters Klinikas\u0131\",\"isPartOf\":{\"@id\":\"https:\\\/\\\/www.richters.ge\\\/az\\\/#website\"},\"datePublished\":\"2023-11-28T12:33:02+00:00\",\"description\":\"Veb sayt\u0131m\u0131z t\u0259hsil m\u0259zmunu t\u0259qdim edir v\u0259 pe\u015f\u0259kar tibbi m\u0259sl\u0259h\u0259ti \u0259v\u0259z etmir. F\u0259rdi t\u0259limatlar \u00fc\u00e7\u00fcn tibb i\u015f\u00e7isi il\u0259 m\u0259sl\u0259h\u0259tl\u0259\u015fin!\",\"inLanguage\":\"az\",\"potentialAction\":[{\"@type\":\"ReadAction\",\"target\":[\"https:\\\/\\\/www.richters.ge\\\/az\\\/meddet\\\/\"]}]},{\"@type\":\"WebSite\",\"@id\":\"https:\\\/\\\/www.richters.ge\\\/az\\\/#website\",\"url\":\"https:\\\/\\\/www.richters.ge\\\/az\\\/\",\"name\":\"Richters Clinic\",\"description\":\"Art of Aesthetics\",\"publisher\":{\"@id\":\"https:\\\/\\\/www.richters.ge\\\/az\\\/#organization\"},\"potentialAction\":[{\"@type\":\"SearchAction\",\"target\":{\"@type\":\"EntryPoint\",\"urlTemplate\":\"https:\\\/\\\/www.richters.ge\\\/az\\\/?s={search_term_string}\"},\"query-input\":{\"@type\":\"PropertyValueSpecification\",\"valueRequired\":true,\"valueName\":\"search_term_string\"}}],\"inLanguage\":\"az\"},{\"@type\":\"Organization\",\"@id\":\"https:\\\/\\\/www.richters.ge\\\/az\\\/#organization\",\"name\":\"Richters Clinic\",\"url\":\"https:\\\/\\\/www.richters.ge\\\/az\\\/\",\"logo\":{\"@type\":\"ImageObject\",\"inLanguage\":\"az\",\"@id\":\"https:\\\/\\\/www.richters.ge\\\/az\\\/#\\\/schema\\\/logo\\\/image\\\/\",\"url\":\"https:\\\/\\\/www.richters.ge\\\/wp-content\\\/uploads\\\/2023\\\/04\\\/logo1-e1741170833588.png\",\"contentUrl\":\"https:\\\/\\\/www.richters.ge\\\/wp-content\\\/uploads\\\/2023\\\/04\\\/logo1-e1741170833588.png\",\"width\":2807,\"height\":753,\"caption\":\"Richters Clinic\"},\"image\":{\"@id\":\"https:\\\/\\\/www.richters.ge\\\/az\\\/#\\\/schema\\\/logo\\\/image\\\/\"}}]}<\/script>\n<!-- \/ Yoast SEO plugin. -->","yoast_head_json":{"title":"\u0130mtina | Tbilisid\u0259 Richters Klinikas\u0131","description":"Veb sayt\u0131m\u0131z t\u0259hsil m\u0259zmunu t\u0259qdim edir v\u0259 pe\u015f\u0259kar tibbi m\u0259sl\u0259h\u0259ti \u0259v\u0259z etmir. F\u0259rdi t\u0259limatlar \u00fc\u00e7\u00fcn tibb i\u015f\u00e7isi il\u0259 m\u0259sl\u0259h\u0259tl\u0259\u015fin!","robots":{"index":"index","follow":"follow","max-snippet":"max-snippet:-1","max-image-preview":"max-image-preview:large","max-video-preview":"max-video-preview:-1"},"canonical":"https:\/\/www.richters.ge\/az\/meddet\/","og_locale":"az_AZ","og_type":"article","og_title":"\u0130mtina | Tbilisid\u0259 Richters Klinikas\u0131","og_description":"Veb sayt\u0131m\u0131z t\u0259hsil m\u0259zmunu t\u0259qdim edir v\u0259 pe\u015f\u0259kar tibbi m\u0259sl\u0259h\u0259ti \u0259v\u0259z etmir. F\u0259rdi t\u0259limatlar \u00fc\u00e7\u00fcn tibb i\u015f\u00e7isi il\u0259 m\u0259sl\u0259h\u0259tl\u0259\u015fin!","og_url":"https:\/\/www.richters.ge\/az\/meddet\/","og_site_name":"Richters Clinic","twitter_card":"summary_large_image","schema":{"@context":"https:\/\/schema.org","@graph":[{"@type":"WebPage","@id":"https:\/\/www.richters.ge\/az\/meddet\/","url":"https:\/\/www.richters.ge\/az\/meddet\/","name":"\u0130mtina | Tbilisid\u0259 Richters Klinikas\u0131","isPartOf":{"@id":"https:\/\/www.richters.ge\/az\/#website"},"datePublished":"2023-11-28T12:33:02+00:00","description":"Veb sayt\u0131m\u0131z t\u0259hsil m\u0259zmunu t\u0259qdim edir v\u0259 pe\u015f\u0259kar tibbi m\u0259sl\u0259h\u0259ti \u0259v\u0259z etmir. F\u0259rdi t\u0259limatlar \u00fc\u00e7\u00fcn tibb i\u015f\u00e7isi il\u0259 m\u0259sl\u0259h\u0259tl\u0259\u015fin!","inLanguage":"az","potentialAction":[{"@type":"ReadAction","target":["https:\/\/www.richters.ge\/az\/meddet\/"]}]},{"@type":"WebSite","@id":"https:\/\/www.richters.ge\/az\/#website","url":"https:\/\/www.richters.ge\/az\/","name":"Richters Clinic","description":"Art of Aesthetics","publisher":{"@id":"https:\/\/www.richters.ge\/az\/#organization"},"potentialAction":[{"@type":"SearchAction","target":{"@type":"EntryPoint","urlTemplate":"https:\/\/www.richters.ge\/az\/?s={search_term_string}"},"query-input":{"@type":"PropertyValueSpecification","valueRequired":true,"valueName":"search_term_string"}}],"inLanguage":"az"},{"@type":"Organization","@id":"https:\/\/www.richters.ge\/az\/#organization","name":"Richters Clinic","url":"https:\/\/www.richters.ge\/az\/","logo":{"@type":"ImageObject","inLanguage":"az","@id":"https:\/\/www.richters.ge\/az\/#\/schema\/logo\/image\/","url":"https:\/\/www.richters.ge\/wp-content\/uploads\/2023\/04\/logo1-e1741170833588.png","contentUrl":"https:\/\/www.richters.ge\/wp-content\/uploads\/2023\/04\/logo1-e1741170833588.png","width":2807,"height":753,"caption":"Richters Clinic"},"image":{"@id":"https:\/\/www.richters.ge\/az\/#\/schema\/logo\/image\/"}}]}},"_links":{"self":[{"href":"https:\/\/www.richters.ge\/az\/wp-json\/wp\/v2\/pages\/4624","targetHints":{"allow":["GET"]}}],"collection":[{"href":"https:\/\/www.richters.ge\/az\/wp-json\/wp\/v2\/pages"}],"about":[{"href":"https:\/\/www.richters.ge\/az\/wp-json\/wp\/v2\/types\/page"}],"author":[{"embeddable":true,"href":"https:\/\/www.richters.ge\/az\/wp-json\/wp\/v2\/users\/1"}],"replies":[{"embeddable":true,"href":"https:\/\/www.richters.ge\/az\/wp-json\/wp\/v2\/comments?post=4624"}],"version-history":[{"count":0,"href":"https:\/\/www.richters.ge\/az\/wp-json\/wp\/v2\/pages\/4624\/revisions"}],"wp:attachment":[{"href":"https:\/\/www.richters.ge\/az\/wp-json\/wp\/v2\/media?parent=4624"}],"curies":[{"name":"wp","href":"https:\/\/api.w.org\/{rel}","templated":true}]}}