{"id":3824,"date":"2023-04-04T10:43:27","date_gmt":"2023-04-04T06:43:27","guid":{"rendered":"https:\/\/www.richters.ge\/biziml%c9%99-%c9%99laq%c9%99-saxlayin\/"},"modified":"2024-04-04T20:05:57","modified_gmt":"2024-04-04T16:05:57","slug":"biziml%c9%99-%c9%99laq%c9%99-saxlayin","status":"publish","type":"page","link":"https:\/\/www.richters.ge\/az\/biziml%c9%99-%c9%99laq%c9%99-saxlayin\/","title":{"rendered":"\u018flaq\u0259"},"content":{"rendered":"","protected":false},"excerpt":{"rendered":"","protected":false},"author":1,"featured_media":0,"parent":0,"menu_order":0,"comment_status":"closed","ping_status":"closed","template":"page-templates\/contact.php","meta":{"iawp_total_views":26,"footnotes":""},"class_list":["post-3824","page","type-page","status-publish","hentry","entry"],"acf":[],"yoast_head":"<!-- This site is optimized with the Yoast SEO plugin v27.5 - https:\/\/yoast.com\/product\/yoast-seo-wordpress\/ -->\n<title>\u018flaq\u0259 | \u00dcnvan | E-po\u00e7t | Rixters<\/title>\n<meta name=\"description\" content=\"Richter&#039;s Clinic il\u0259 m\u00fcxt\u0259lif yollarla \u0259laq\u0259 saxlay\u0131n: vebsayt, e-po\u00e7t, fiziki \u00fcnvan, Whatsapp \/ Telegram, telefon operatoru.\" \/>\n<meta name=\"robots\" content=\"index, follow, max-snippet:-1, max-image-preview:large, max-video-preview:-1\" \/>\n<link rel=\"canonical\" href=\"https:\/\/www.richters.ge\/az\/biziml%c9%99-%c9%99laq%c9%99-saxlayin\/\" \/>\n<meta property=\"og:locale\" content=\"az_AZ\" \/>\n<meta property=\"og:type\" content=\"article\" \/>\n<meta property=\"og:title\" content=\"\u018flaq\u0259 | \u00dcnvan | E-po\u00e7t | Rixters\" \/>\n<meta property=\"og:description\" content=\"Richter&#039;s Clinic il\u0259 m\u00fcxt\u0259lif yollarla \u0259laq\u0259 saxlay\u0131n: vebsayt, e-po\u00e7t, fiziki \u00fcnvan, Whatsapp \/ Telegram, telefon operatoru.\" \/>\n<meta property=\"og:url\" content=\"https:\/\/www.richters.ge\/az\/biziml%c9%99-%c9%99laq%c9%99-saxlayin\/\" \/>\n<meta property=\"og:site_name\" content=\"Richters Clinic\" \/>\n<meta property=\"article:modified_time\" content=\"2024-04-04T16:05:57+00:00\" \/>\n<meta name=\"twitter:card\" content=\"summary_large_image\" \/>\n<script type=\"application\/ld+json\" class=\"yoast-schema-graph\">{\"@context\":\"https:\\\/\\\/schema.org\",\"@graph\":[{\"@type\":\"WebPage\",\"@id\":\"https:\\\/\\\/www.richters.ge\\\/az\\\/biziml%c9%99-%c9%99laq%c9%99-saxlayin\\\/\",\"url\":\"https:\\\/\\\/www.richters.ge\\\/az\\\/biziml%c9%99-%c9%99laq%c9%99-saxlayin\\\/\",\"name\":\"\u018flaq\u0259 | \u00dcnvan | E-po\u00e7t | Rixters\",\"isPartOf\":{\"@id\":\"https:\\\/\\\/www.richters.ge\\\/az\\\/#website\"},\"datePublished\":\"2023-04-04T06:43:27+00:00\",\"dateModified\":\"2024-04-04T16:05:57+00:00\",\"description\":\"Richter's Clinic il\u0259 m\u00fcxt\u0259lif yollarla \u0259laq\u0259 saxlay\u0131n: vebsayt, e-po\u00e7t, fiziki \u00fcnvan, Whatsapp \\\/ Telegram, telefon operatoru.\",\"inLanguage\":\"az\",\"potentialAction\":[{\"@type\":\"ReadAction\",\"target\":[\"https:\\\/\\\/www.richters.ge\\\/az\\\/biziml%c9%99-%c9%99laq%c9%99-saxlayin\\\/\"]}]},{\"@type\":\"WebSite\",\"@id\":\"https:\\\/\\\/www.richters.ge\\\/az\\\/#website\",\"url\":\"https:\\\/\\\/www.richters.ge\\\/az\\\/\",\"name\":\"Richters Clinic\",\"description\":\"Art of Aesthetics\",\"publisher\":{\"@id\":\"https:\\\/\\\/www.richters.ge\\\/az\\\/#organization\"},\"potentialAction\":[{\"@type\":\"SearchAction\",\"target\":{\"@type\":\"EntryPoint\",\"urlTemplate\":\"https:\\\/\\\/www.richters.ge\\\/az\\\/?s={search_term_string}\"},\"query-input\":{\"@type\":\"PropertyValueSpecification\",\"valueRequired\":true,\"valueName\":\"search_term_string\"}}],\"inLanguage\":\"az\"},{\"@type\":\"Organization\",\"@id\":\"https:\\\/\\\/www.richters.ge\\\/az\\\/#organization\",\"name\":\"Richters Clinic\",\"url\":\"https:\\\/\\\/www.richters.ge\\\/az\\\/\",\"logo\":{\"@type\":\"ImageObject\",\"inLanguage\":\"az\",\"@id\":\"https:\\\/\\\/www.richters.ge\\\/az\\\/#\\\/schema\\\/logo\\\/image\\\/\",\"url\":\"https:\\\/\\\/www.richters.ge\\\/wp-content\\\/uploads\\\/2023\\\/04\\\/logo1-e1741170833588.png\",\"contentUrl\":\"https:\\\/\\\/www.richters.ge\\\/wp-content\\\/uploads\\\/2023\\\/04\\\/logo1-e1741170833588.png\",\"width\":2807,\"height\":753,\"caption\":\"Richters Clinic\"},\"image\":{\"@id\":\"https:\\\/\\\/www.richters.ge\\\/az\\\/#\\\/schema\\\/logo\\\/image\\\/\"}}]}<\/script>\n<!-- \/ Yoast SEO plugin. -->","yoast_head_json":{"title":"\u018flaq\u0259 | \u00dcnvan | E-po\u00e7t | Rixters","description":"Richter's Clinic il\u0259 m\u00fcxt\u0259lif yollarla \u0259laq\u0259 saxlay\u0131n: vebsayt, e-po\u00e7t, fiziki \u00fcnvan, Whatsapp \/ Telegram, telefon operatoru.","robots":{"index":"index","follow":"follow","max-snippet":"max-snippet:-1","max-image-preview":"max-image-preview:large","max-video-preview":"max-video-preview:-1"},"canonical":"https:\/\/www.richters.ge\/az\/biziml%c9%99-%c9%99laq%c9%99-saxlayin\/","og_locale":"az_AZ","og_type":"article","og_title":"\u018flaq\u0259 | \u00dcnvan | E-po\u00e7t | Rixters","og_description":"Richter's Clinic il\u0259 m\u00fcxt\u0259lif yollarla \u0259laq\u0259 saxlay\u0131n: vebsayt, e-po\u00e7t, fiziki \u00fcnvan, Whatsapp \/ Telegram, telefon operatoru.","og_url":"https:\/\/www.richters.ge\/az\/biziml%c9%99-%c9%99laq%c9%99-saxlayin\/","og_site_name":"Richters Clinic","article_modified_time":"2024-04-04T16:05:57+00:00","twitter_card":"summary_large_image","schema":{"@context":"https:\/\/schema.org","@graph":[{"@type":"WebPage","@id":"https:\/\/www.richters.ge\/az\/biziml%c9%99-%c9%99laq%c9%99-saxlayin\/","url":"https:\/\/www.richters.ge\/az\/biziml%c9%99-%c9%99laq%c9%99-saxlayin\/","name":"\u018flaq\u0259 | \u00dcnvan | E-po\u00e7t | Rixters","isPartOf":{"@id":"https:\/\/www.richters.ge\/az\/#website"},"datePublished":"2023-04-04T06:43:27+00:00","dateModified":"2024-04-04T16:05:57+00:00","description":"Richter's Clinic il\u0259 m\u00fcxt\u0259lif yollarla \u0259laq\u0259 saxlay\u0131n: vebsayt, e-po\u00e7t, fiziki \u00fcnvan, Whatsapp \/ Telegram, telefon operatoru.","inLanguage":"az","potentialAction":[{"@type":"ReadAction","target":["https:\/\/www.richters.ge\/az\/biziml%c9%99-%c9%99laq%c9%99-saxlayin\/"]}]},{"@type":"WebSite","@id":"https:\/\/www.richters.ge\/az\/#website","url":"https:\/\/www.richters.ge\/az\/","name":"Richters Clinic","description":"Art of Aesthetics","publisher":{"@id":"https:\/\/www.richters.ge\/az\/#organization"},"potentialAction":[{"@type":"SearchAction","target":{"@type":"EntryPoint","urlTemplate":"https:\/\/www.richters.ge\/az\/?s={search_term_string}"},"query-input":{"@type":"PropertyValueSpecification","valueRequired":true,"valueName":"search_term_string"}}],"inLanguage":"az"},{"@type":"Organization","@id":"https:\/\/www.richters.ge\/az\/#organization","name":"Richters Clinic","url":"https:\/\/www.richters.ge\/az\/","logo":{"@type":"ImageObject","inLanguage":"az","@id":"https:\/\/www.richters.ge\/az\/#\/schema\/logo\/image\/","url":"https:\/\/www.richters.ge\/wp-content\/uploads\/2023\/04\/logo1-e1741170833588.png","contentUrl":"https:\/\/www.richters.ge\/wp-content\/uploads\/2023\/04\/logo1-e1741170833588.png","width":2807,"height":753,"caption":"Richters Clinic"},"image":{"@id":"https:\/\/www.richters.ge\/az\/#\/schema\/logo\/image\/"}}]}},"_links":{"self":[{"href":"https:\/\/www.richters.ge\/az\/wp-json\/wp\/v2\/pages\/3824","targetHints":{"allow":["GET"]}}],"collection":[{"href":"https:\/\/www.richters.ge\/az\/wp-json\/wp\/v2\/pages"}],"about":[{"href":"https:\/\/www.richters.ge\/az\/wp-json\/wp\/v2\/types\/page"}],"author":[{"embeddable":true,"href":"https:\/\/www.richters.ge\/az\/wp-json\/wp\/v2\/users\/1"}],"replies":[{"embeddable":true,"href":"https:\/\/www.richters.ge\/az\/wp-json\/wp\/v2\/comments?post=3824"}],"version-history":[{"count":0,"href":"https:\/\/www.richters.ge\/az\/wp-json\/wp\/v2\/pages\/3824\/revisions"}],"wp:attachment":[{"href":"https:\/\/www.richters.ge\/az\/wp-json\/wp\/v2\/media?parent=3824"}],"curies":[{"name":"wp","href":"https:\/\/api.w.org\/{rel}","templated":true}]}}