{"id":3530,"date":"2023-04-04T10:43:13","date_gmt":"2023-04-04T06:43:13","guid":{"rendered":"https:\/\/www.richters.ge\/dis-turizmi\/"},"modified":"2024-04-02T14:00:39","modified_gmt":"2024-04-02T10:00:39","slug":"dis-turizmi","status":"publish","type":"page","link":"https:\/\/www.richters.ge\/az\/dis-turizmi\/","title":{"rendered":"Di\u015f Turizmi"},"content":{"rendered":"","protected":false},"excerpt":{"rendered":"","protected":false},"author":1,"featured_media":4739,"parent":0,"menu_order":0,"comment_status":"closed","ping_status":"closed","template":"page-templates\/medical-tourism.php","meta":{"iawp_total_views":56,"footnotes":""},"class_list":["post-3530","page","type-page","status-publish","has-post-thumbnail","hentry","entry"],"acf":[],"yoast_head":"<!-- This site is optimized with the Yoast SEO plugin v27.5 - https:\/\/yoast.com\/product\/yoast-seo-wordpress\/ -->\n<title>Dental Turizm | Dental Turizm Paketi | Dental Turizm G\u00fcrc\u00fcstan<\/title>\n<meta name=\"description\" content=\"Vener v\u0259 di\u015f implantlar\u0131 axtaran turistl\u0259r G\u00fcrc\u00fcstan\u0131 se\u00e7in! Problemsiz di\u015f implant\u0131 v\u0259 vener qura\u015fd\u0131r\u0131lmas\u0131 \u00fc\u00e7\u00fcn Dental Turist Paketimizi k\u0259\u015ff edin!\" \/>\n<meta name=\"robots\" content=\"index, follow, max-snippet:-1, max-image-preview:large, max-video-preview:-1\" \/>\n<link rel=\"canonical\" href=\"https:\/\/www.richters.ge\/az\/dis-turizmi\/\" \/>\n<meta property=\"og:locale\" content=\"az_AZ\" \/>\n<meta property=\"og:type\" content=\"article\" \/>\n<meta property=\"og:title\" content=\"Dental Turizm | Dental Turizm Paketi | Dental Turizm G\u00fcrc\u00fcstan\" \/>\n<meta property=\"og:description\" content=\"Vener v\u0259 di\u015f implantlar\u0131 axtaran turistl\u0259r G\u00fcrc\u00fcstan\u0131 se\u00e7in! Problemsiz di\u015f implant\u0131 v\u0259 vener qura\u015fd\u0131r\u0131lmas\u0131 \u00fc\u00e7\u00fcn Dental Turist Paketimizi k\u0259\u015ff edin!\" \/>\n<meta property=\"og:url\" content=\"https:\/\/www.richters.ge\/az\/dis-turizmi\/\" \/>\n<meta property=\"og:site_name\" content=\"Richters Clinic\" \/>\n<meta property=\"article:modified_time\" content=\"2024-04-02T10:00:39+00:00\" \/>\n<meta property=\"og:image\" content=\"https:\/\/www.richters.ge\/wp-content\/uploads\/2024\/04\/Screenshot-2024-04-02-at-2.18.10\u202fPM-min.png\" \/>\n\t<meta property=\"og:image:width\" content=\"1280\" \/>\n\t<meta property=\"og:image:height\" content=\"266\" \/>\n\t<meta property=\"og:image:type\" content=\"image\/png\" \/>\n<meta name=\"twitter:card\" content=\"summary_large_image\" \/>\n<script type=\"application\/ld+json\" class=\"yoast-schema-graph\">{\"@context\":\"https:\\\/\\\/schema.org\",\"@graph\":[{\"@type\":\"WebPage\",\"@id\":\"https:\\\/\\\/www.richters.ge\\\/az\\\/dis-turizmi\\\/\",\"url\":\"https:\\\/\\\/www.richters.ge\\\/az\\\/dis-turizmi\\\/\",\"name\":\"Dental Turizm | Dental Turizm Paketi | Dental Turizm G\u00fcrc\u00fcstan\",\"isPartOf\":{\"@id\":\"https:\\\/\\\/www.richters.ge\\\/az\\\/#website\"},\"primaryImageOfPage\":{\"@id\":\"https:\\\/\\\/www.richters.ge\\\/az\\\/dis-turizmi\\\/#primaryimage\"},\"image\":{\"@id\":\"https:\\\/\\\/www.richters.ge\\\/az\\\/dis-turizmi\\\/#primaryimage\"},\"thumbnailUrl\":\"https:\\\/\\\/www.richters.ge\\\/wp-content\\\/uploads\\\/2024\\\/04\\\/Screenshot-2024-04-02-at-2.18.10\u202fPM-min.png\",\"datePublished\":\"2023-04-04T06:43:13+00:00\",\"dateModified\":\"2024-04-02T10:00:39+00:00\",\"description\":\"Vener v\u0259 di\u015f implantlar\u0131 axtaran turistl\u0259r G\u00fcrc\u00fcstan\u0131 se\u00e7in! Problemsiz di\u015f implant\u0131 v\u0259 vener qura\u015fd\u0131r\u0131lmas\u0131 \u00fc\u00e7\u00fcn Dental Turist Paketimizi k\u0259\u015ff edin!\",\"inLanguage\":\"az\",\"potentialAction\":[{\"@type\":\"ReadAction\",\"target\":[\"https:\\\/\\\/www.richters.ge\\\/az\\\/dis-turizmi\\\/\"]}]},{\"@type\":\"ImageObject\",\"inLanguage\":\"az\",\"@id\":\"https:\\\/\\\/www.richters.ge\\\/az\\\/dis-turizmi\\\/#primaryimage\",\"url\":\"https:\\\/\\\/www.richters.ge\\\/wp-content\\\/uploads\\\/2024\\\/04\\\/Screenshot-2024-04-02-at-2.18.10\u202fPM-min.png\",\"contentUrl\":\"https:\\\/\\\/www.richters.ge\\\/wp-content\\\/uploads\\\/2024\\\/04\\\/Screenshot-2024-04-02-at-2.18.10\u202fPM-min.png\",\"width\":1280,\"height\":266},{\"@type\":\"WebSite\",\"@id\":\"https:\\\/\\\/www.richters.ge\\\/az\\\/#website\",\"url\":\"https:\\\/\\\/www.richters.ge\\\/az\\\/\",\"name\":\"Richters Clinic\",\"description\":\"Art of Aesthetics\",\"publisher\":{\"@id\":\"https:\\\/\\\/www.richters.ge\\\/az\\\/#organization\"},\"potentialAction\":[{\"@type\":\"SearchAction\",\"target\":{\"@type\":\"EntryPoint\",\"urlTemplate\":\"https:\\\/\\\/www.richters.ge\\\/az\\\/?s={search_term_string}\"},\"query-input\":{\"@type\":\"PropertyValueSpecification\",\"valueRequired\":true,\"valueName\":\"search_term_string\"}}],\"inLanguage\":\"az\"},{\"@type\":\"Organization\",\"@id\":\"https:\\\/\\\/www.richters.ge\\\/az\\\/#organization\",\"name\":\"Richters Clinic\",\"url\":\"https:\\\/\\\/www.richters.ge\\\/az\\\/\",\"logo\":{\"@type\":\"ImageObject\",\"inLanguage\":\"az\",\"@id\":\"https:\\\/\\\/www.richters.ge\\\/az\\\/#\\\/schema\\\/logo\\\/image\\\/\",\"url\":\"https:\\\/\\\/www.richters.ge\\\/wp-content\\\/uploads\\\/2023\\\/04\\\/logo1-e1741170833588.png\",\"contentUrl\":\"https:\\\/\\\/www.richters.ge\\\/wp-content\\\/uploads\\\/2023\\\/04\\\/logo1-e1741170833588.png\",\"width\":2807,\"height\":753,\"caption\":\"Richters Clinic\"},\"image\":{\"@id\":\"https:\\\/\\\/www.richters.ge\\\/az\\\/#\\\/schema\\\/logo\\\/image\\\/\"}}]}<\/script>\n<!-- \/ Yoast SEO plugin. -->","yoast_head_json":{"title":"Dental Turizm | Dental Turizm Paketi | Dental Turizm G\u00fcrc\u00fcstan","description":"Vener v\u0259 di\u015f implantlar\u0131 axtaran turistl\u0259r G\u00fcrc\u00fcstan\u0131 se\u00e7in! Problemsiz di\u015f implant\u0131 v\u0259 vener qura\u015fd\u0131r\u0131lmas\u0131 \u00fc\u00e7\u00fcn Dental Turist Paketimizi k\u0259\u015ff edin!","robots":{"index":"index","follow":"follow","max-snippet":"max-snippet:-1","max-image-preview":"max-image-preview:large","max-video-preview":"max-video-preview:-1"},"canonical":"https:\/\/www.richters.ge\/az\/dis-turizmi\/","og_locale":"az_AZ","og_type":"article","og_title":"Dental Turizm | Dental Turizm Paketi | Dental Turizm G\u00fcrc\u00fcstan","og_description":"Vener v\u0259 di\u015f implantlar\u0131 axtaran turistl\u0259r G\u00fcrc\u00fcstan\u0131 se\u00e7in! Problemsiz di\u015f implant\u0131 v\u0259 vener qura\u015fd\u0131r\u0131lmas\u0131 \u00fc\u00e7\u00fcn Dental Turist Paketimizi k\u0259\u015ff edin!","og_url":"https:\/\/www.richters.ge\/az\/dis-turizmi\/","og_site_name":"Richters Clinic","article_modified_time":"2024-04-02T10:00:39+00:00","og_image":[{"width":1280,"height":266,"url":"https:\/\/www.richters.ge\/wp-content\/uploads\/2024\/04\/Screenshot-2024-04-02-at-2.18.10\u202fPM-min.png","type":"image\/png"}],"twitter_card":"summary_large_image","schema":{"@context":"https:\/\/schema.org","@graph":[{"@type":"WebPage","@id":"https:\/\/www.richters.ge\/az\/dis-turizmi\/","url":"https:\/\/www.richters.ge\/az\/dis-turizmi\/","name":"Dental Turizm | Dental Turizm Paketi | Dental Turizm G\u00fcrc\u00fcstan","isPartOf":{"@id":"https:\/\/www.richters.ge\/az\/#website"},"primaryImageOfPage":{"@id":"https:\/\/www.richters.ge\/az\/dis-turizmi\/#primaryimage"},"image":{"@id":"https:\/\/www.richters.ge\/az\/dis-turizmi\/#primaryimage"},"thumbnailUrl":"https:\/\/www.richters.ge\/wp-content\/uploads\/2024\/04\/Screenshot-2024-04-02-at-2.18.10\u202fPM-min.png","datePublished":"2023-04-04T06:43:13+00:00","dateModified":"2024-04-02T10:00:39+00:00","description":"Vener v\u0259 di\u015f implantlar\u0131 axtaran turistl\u0259r G\u00fcrc\u00fcstan\u0131 se\u00e7in! Problemsiz di\u015f implant\u0131 v\u0259 vener qura\u015fd\u0131r\u0131lmas\u0131 \u00fc\u00e7\u00fcn Dental Turist Paketimizi k\u0259\u015ff edin!","inLanguage":"az","potentialAction":[{"@type":"ReadAction","target":["https:\/\/www.richters.ge\/az\/dis-turizmi\/"]}]},{"@type":"ImageObject","inLanguage":"az","@id":"https:\/\/www.richters.ge\/az\/dis-turizmi\/#primaryimage","url":"https:\/\/www.richters.ge\/wp-content\/uploads\/2024\/04\/Screenshot-2024-04-02-at-2.18.10\u202fPM-min.png","contentUrl":"https:\/\/www.richters.ge\/wp-content\/uploads\/2024\/04\/Screenshot-2024-04-02-at-2.18.10\u202fPM-min.png","width":1280,"height":266},{"@type":"WebSite","@id":"https:\/\/www.richters.ge\/az\/#website","url":"https:\/\/www.richters.ge\/az\/","name":"Richters Clinic","description":"Art of Aesthetics","publisher":{"@id":"https:\/\/www.richters.ge\/az\/#organization"},"potentialAction":[{"@type":"SearchAction","target":{"@type":"EntryPoint","urlTemplate":"https:\/\/www.richters.ge\/az\/?s={search_term_string}"},"query-input":{"@type":"PropertyValueSpecification","valueRequired":true,"valueName":"search_term_string"}}],"inLanguage":"az"},{"@type":"Organization","@id":"https:\/\/www.richters.ge\/az\/#organization","name":"Richters Clinic","url":"https:\/\/www.richters.ge\/az\/","logo":{"@type":"ImageObject","inLanguage":"az","@id":"https:\/\/www.richters.ge\/az\/#\/schema\/logo\/image\/","url":"https:\/\/www.richters.ge\/wp-content\/uploads\/2023\/04\/logo1-e1741170833588.png","contentUrl":"https:\/\/www.richters.ge\/wp-content\/uploads\/2023\/04\/logo1-e1741170833588.png","width":2807,"height":753,"caption":"Richters Clinic"},"image":{"@id":"https:\/\/www.richters.ge\/az\/#\/schema\/logo\/image\/"}}]}},"_links":{"self":[{"href":"https:\/\/www.richters.ge\/az\/wp-json\/wp\/v2\/pages\/3530","targetHints":{"allow":["GET"]}}],"collection":[{"href":"https:\/\/www.richters.ge\/az\/wp-json\/wp\/v2\/pages"}],"about":[{"href":"https:\/\/www.richters.ge\/az\/wp-json\/wp\/v2\/types\/page"}],"author":[{"embeddable":true,"href":"https:\/\/www.richters.ge\/az\/wp-json\/wp\/v2\/users\/1"}],"replies":[{"embeddable":true,"href":"https:\/\/www.richters.ge\/az\/wp-json\/wp\/v2\/comments?post=3530"}],"version-history":[{"count":0,"href":"https:\/\/www.richters.ge\/az\/wp-json\/wp\/v2\/pages\/3530\/revisions"}],"wp:featuredmedia":[{"embeddable":true,"href":"https:\/\/www.richters.ge\/az\/wp-json\/wp\/v2\/media\/4739"}],"wp:attachment":[{"href":"https:\/\/www.richters.ge\/az\/wp-json\/wp\/v2\/media?parent=3530"}],"curies":[{"name":"wp","href":"https:\/\/api.w.org\/{rel}","templated":true}]}}